{"id":95,"date":"2025-06-03T19:15:26","date_gmt":"2025-06-03T19:15:26","guid":{"rendered":"https:\/\/solutionmassage.com\/boutique\/?post_type=product&#038;p=95"},"modified":"2026-04-10T14:24:31","modified_gmt":"2026-04-10T14:24:31","slug":"huile-massage-lomi-lomi","status":"publish","type":"product","link":"https:\/\/solutionmassage.com\/boutique\/produit\/huile-massage-lomi-lomi\/","title":{"rendered":"Huile de massage Lomi Lomi"},"content":{"rendered":"<h3>Huile de massage Lomi Lomi<\/h3>\n<p><strong>MASAJE THERAPIE vous offre une gamme d\u2019huiles de massage bio v\u00e9g\u00e9tales, \u00e9cologiques, et naturelles. Une combinaison d\u2019huiles s\u00e8ches pour une glisse optimale, laissant la peau du corps et des mains douce et soyeuse sans sensation de film gras.<\/strong><\/p>\n<p>Id\u00e9ale pour le massage hawa\u00efen. Lomi Lomi, c\u2019est le toucher dans l\u2019esprit de\u00a0<a href=\"https:\/\/fr.wikipedia.org\/wiki\/Aloha\" target=\"_blank\" rel=\"noopener\">Aloha<\/a>\u00a0qui relie le corps, le c\u0153ur et l\u2019\u00e2me \u00e0 la source de vie.<\/p>\n<p><strong>Qualit\u00e9s<\/strong><\/p>\n<ul>\n<li>Huiles actives et naturelles \u00e0 100\u00a0%<\/li>\n<li>Texture douce, soyeuse et non collante favorisant la glisse<\/li>\n<li>Effluves chauds d\u2019agrume et de p\u00eache<\/li>\n<\/ul>\n<p><strong>Tr\u00e8s appr\u00e9ci\u00e9 pour les besoins suivants<\/strong><\/p>\n<ul>\n<li>Am\u00e9lioration de la circulation sanguine et lymphatique<\/li>\n<li>Soulagement des tensions musculaires<\/li>\n<li>Meilleure qualit\u00e9 du sommeil<\/li>\n<li>Diminution du stress et de l\u2019anxi\u00e9t\u00e9<\/li>\n<li>D\u00e9tente<\/li>\n<\/ul>\n","protected":false},"excerpt":{"rendered":"<div class=\"woocommerce-product-details__short-description\">Huile de massage Lomi Lomi est id\u00e9ale pour le massage hawa\u00efen. Lomi Lomi, c\u2019est le toucher dans l\u2019esprit de Aloha\u00a0qui relie le corps, le c\u0153ur et l\u2019\u00e2me \u00e0 la source de vie.<\/div>\n","protected":false},"featured_media":110,"template":"","meta":{"_acf_changed":false},"product_brand":[66],"product_cat":[29],"product_tag":[96],"class_list":{"0":"post-95","1":"product","2":"type-product","3":"status-publish","4":"has-post-thumbnail","6":"product_brand-lherbier","7":"product_cat-huiles","8":"product_tag-huile","9":"pa_format-250ml","10":"pa_format-1l","11":"pa_format-4l","12":"pa_format-15ml","14":"first","15":"instock","16":"taxable","17":"shipping-taxable","18":"purchasable","19":"product-type-variable","20":"has-default-attributes"},"acf":[],"_links":{"self":[{"href":"https:\/\/solutionmassage.com\/boutique\/wp-json\/wp\/v2\/product\/95","targetHints":{"allow":["GET"]}}],"collection":[{"href":"https:\/\/solutionmassage.com\/boutique\/wp-json\/wp\/v2\/product"}],"about":[{"href":"https:\/\/solutionmassage.com\/boutique\/wp-json\/wp\/v2\/types\/product"}],"wp:featuredmedia":[{"embeddable":true,"href":"https:\/\/solutionmassage.com\/boutique\/wp-json\/wp\/v2\/media\/110"}],"wp:attachment":[{"href":"https:\/\/solutionmassage.com\/boutique\/wp-json\/wp\/v2\/media?parent=95"}],"wp:term":[{"taxonomy":"product_brand","embeddable":true,"href":"https:\/\/solutionmassage.com\/boutique\/wp-json\/wp\/v2\/product_brand?post=95"},{"taxonomy":"product_cat","embeddable":true,"href":"https:\/\/solutionmassage.com\/boutique\/wp-json\/wp\/v2\/product_cat?post=95"},{"taxonomy":"product_tag","embeddable":true,"href":"https:\/\/solutionmassage.com\/boutique\/wp-json\/wp\/v2\/product_tag?post=95"}],"curies":[{"name":"wp","href":"https:\/\/api.w.org\/{rel}","templated":true}]}}