{"id":935,"date":"2026-03-19T21:07:00","date_gmt":"2026-03-19T21:07:00","guid":{"rendered":"https:\/\/solutionmassage.com\/boutique\/?post_type=product&#038;p=935"},"modified":"2026-03-28T00:06:42","modified_gmt":"2026-03-28T00:06:42","slug":"myorub-avance","status":"publish","type":"product","link":"https:\/\/solutionmassage.com\/boutique\/produit\/myorub-avance\/","title":{"rendered":"MyoRub+ Avanc\u00e9"},"content":{"rendered":"<p><strong>Nouvelle formule am\u00e9lior\u00e9e!<\/strong><\/p>\n<p><strong>Soin sup\u00e9rieur de premi\u00e8re ligne. Action rapide et durable!<\/strong><\/p>\n<p>Jumel\u00e9s \u00e0 l&rsquo;action du massage, les ingr\u00e9dients actifs contenus dans l&rsquo;onguent th\u00e9rapeutique MyoRub+ Avanc\u00e9 aident \u00e0 soulager les douleurs et raideurs musculaires et articulaires.<\/p>\n<p>Soin sup\u00e9rieur de premi\u00e8re ligne avec Arnica &#8211; MSM &#8211; Boswellia &#8211; Vitamine E<\/p>\n<p>Les principes actifs diminuent significativement la tension des muscles endoloris et la sensation de fatigue musculaire.<\/p>\n<p>L&rsquo;application cibl\u00e9e de l&rsquo;onguent\u00a0apporte un mieux-\u00eatre \u00e0 action rapide, durable et\u00a0en profondeur.<\/p>\n<p><strong>Caract\u00e9ristiques :<\/strong><\/p>\n<ul>\n<li>Effet longue dur\u00e9e<\/li>\n<li>Sensation chaleur\/fra\u00eecheur tr\u00e8s r\u00e9confortante<\/li>\n<li>Odeur agr\u00e9able<\/li>\n<li>Non graisseux<\/li>\n<li>Ne tache pas<\/li>\n<\/ul>\n<p>&nbsp;<\/p>\n<p><strong>50g\u00a0<\/strong>D\u00e9tail<br \/>\n<strong>400g<\/strong>\u00a0Professionnel<\/p>\n","protected":false},"excerpt":{"rendered":"<p><strong>Soin sup\u00e9rieur de premi\u00e8re ligne. Action rapide et durable!<\/strong><\/p>\n","protected":false},"featured_media":938,"template":"","meta":{"_acf_changed":false},"product_brand":[65],"product_cat":[25],"product_tag":[94,84],"class_list":{"0":"post-935","1":"product","2":"type-product","3":"status-publish","4":"has-post-thumbnail","6":"product_brand-orthocure","7":"product_cat-rubefiant","8":"product_tag-orthocure","9":"product_tag-rubefiant","10":"pa_format-50-g","11":"pa_format-400-g","13":"first","14":"instock","15":"taxable","16":"shipping-taxable","17":"purchasable","18":"product-type-variable","19":"has-default-attributes"},"acf":[],"_links":{"self":[{"href":"https:\/\/solutionmassage.com\/boutique\/wp-json\/wp\/v2\/product\/935","targetHints":{"allow":["GET"]}}],"collection":[{"href":"https:\/\/solutionmassage.com\/boutique\/wp-json\/wp\/v2\/product"}],"about":[{"href":"https:\/\/solutionmassage.com\/boutique\/wp-json\/wp\/v2\/types\/product"}],"wp:featuredmedia":[{"embeddable":true,"href":"https:\/\/solutionmassage.com\/boutique\/wp-json\/wp\/v2\/media\/938"}],"wp:attachment":[{"href":"https:\/\/solutionmassage.com\/boutique\/wp-json\/wp\/v2\/media?parent=935"}],"wp:term":[{"taxonomy":"product_brand","embeddable":true,"href":"https:\/\/solutionmassage.com\/boutique\/wp-json\/wp\/v2\/product_brand?post=935"},{"taxonomy":"product_cat","embeddable":true,"href":"https:\/\/solutionmassage.com\/boutique\/wp-json\/wp\/v2\/product_cat?post=935"},{"taxonomy":"product_tag","embeddable":true,"href":"https:\/\/solutionmassage.com\/boutique\/wp-json\/wp\/v2\/product_tag?post=935"}],"curies":[{"name":"wp","href":"https:\/\/api.w.org\/{rel}","templated":true}]}}