{"id":925,"date":"2026-02-06T18:14:38","date_gmt":"2026-02-06T18:14:38","guid":{"rendered":"https:\/\/solutionmassage.com\/boutique\/?post_type=product&#038;p=925"},"modified":"2026-03-04T17:00:12","modified_gmt":"2026-03-04T17:00:12","slug":"dual-purpose-massage-creme-1-gallon","status":"publish","type":"product","link":"https:\/\/solutionmassage.com\/boutique\/produit\/dual-purpose-massage-creme-1-gallon\/","title":{"rendered":"Cr\u00e8me de Massage Double Usage &#8211; 1 Gallon (3,8 L)"},"content":{"rendered":"<p data-path-to-node=\"3\">La Cr\u00e8me de Massage Double Usage, le choix de confiance des th\u00e9rapeutes depuis plus de 30 ans, offre une combinaison sup\u00e9rieure entre la maniabilit\u00e9 d\u2019une huile et le pouvoir d&rsquo;absorption d&rsquo;une lotion. Les propri\u00e9t\u00e9s botaniques de l&rsquo;<b data-path-to-node=\"3\" data-index-in-node=\"233\">Arnica<\/b> et de l\u2019<b data-path-to-node=\"3\" data-index-in-node=\"248\">extrait de Lierre<\/b> sont des choix de premier ordre pour l&rsquo;apaisement, tout en offrant des bienfaits suppl\u00e9mentaires pour la sant\u00e9 et le bien-\u00eatre de la peau.<\/p>\n<p data-path-to-node=\"4\">Ce lubrifiant id\u00e9al r\u00e9pond aux exigences de texture de diverses modalit\u00e9s de massage, allant des techniques circulatoires \u00e0 grand glissement aux techniques lentes des tissus profonds (<i data-path-to-node=\"4\" data-index-in-node=\"184\">deep tissue<\/i>), laissant la peau douce et lisse sans aucun r\u00e9sidu. Sa consistance extra-riche \u00e9vite les d\u00e9versements accidentels et se nettoie facilement sur les draps et les v\u00eatements.<\/p>\n<h3 data-path-to-node=\"6\">Points Forts<\/h3>\n<ul data-path-to-node=\"7\">\n<li>\n<p data-path-to-node=\"7,0,0\"><b data-path-to-node=\"7,0,0\" data-index-in-node=\"0\">Extraits d&rsquo;Arnica et de Lierre :<\/b> Aident \u00e0 la circulation.<\/p>\n<\/li>\n<li>\n<p data-path-to-node=\"7,1,0\"><b data-path-to-node=\"7,1,0\" data-index-in-node=\"0\"><span class=\"citation-1\">Double Action :<\/span><\/b><span class=\"citation-1 citation-end-1\"> Allie les bienfaits de l&rsquo;huile et de la lotion.<\/span><\/p>\n<\/li>\n<li>\n<p data-path-to-node=\"7,2,0\"><b data-path-to-node=\"7,2,0\" data-index-in-node=\"0\">Soin de la peau :<\/b> Bienfaits accrus pour une peau saine.<\/p>\n<\/li>\n<li>\n<p data-path-to-node=\"7,3,0\"><b data-path-to-node=\"7,3,0\" data-index-in-node=\"0\">Aloe Vera :<\/b> Cicatrise et apaise.<\/p>\n<\/li>\n<li>\n<p data-path-to-node=\"7,4,0\"><b data-path-to-node=\"7,4,0\" data-index-in-node=\"0\">Non pompable :<\/b> Texture trop \u00e9paisse pour une pompe standard.<\/p>\n<\/li>\n<li>\n<p data-path-to-node=\"7,5,0\"><b data-path-to-node=\"7,5,0\" data-index-in-node=\"0\">Non gras :<\/b> Ne laisse pas de sensation huileuse.<\/p>\n<\/li>\n<li>\n<p data-path-to-node=\"7,6,0\"><b data-path-to-node=\"7,6,0\" data-index-in-node=\"0\">Sans Parab\u00e8ne.<\/b><\/p>\n<\/li>\n<\/ul>\n","protected":false},"excerpt":{"rendered":"<p>La Cr\u00e8me de Massage Double Usage, le choix de confiance des th\u00e9rapeutes depuis plus de 30 ans, offre une combinaison sup\u00e9rieure entre la maniabilit\u00e9 d\u2019une huile et le pouvoir d&rsquo;absorption d&rsquo;une lotion.<\/p>\n","protected":false},"featured_media":926,"template":"","meta":{"_acf_changed":false},"product_brand":[],"product_cat":[79,91],"product_tag":[80,92],"class_list":{"0":"post-925","1":"product","2":"type-product","3":"status-publish","4":"has-post-thumbnail","6":"product_cat-creme-2","7":"product_cat-massotherapeute-2","8":"product_tag-creme-2","9":"product_tag-massotherapeute-2","11":"first","12":"instock","13":"taxable","14":"shipping-taxable","15":"purchasable","16":"product-type-simple"},"acf":[],"_links":{"self":[{"href":"https:\/\/solutionmassage.com\/boutique\/wp-json\/wp\/v2\/product\/925","targetHints":{"allow":["GET"]}}],"collection":[{"href":"https:\/\/solutionmassage.com\/boutique\/wp-json\/wp\/v2\/product"}],"about":[{"href":"https:\/\/solutionmassage.com\/boutique\/wp-json\/wp\/v2\/types\/product"}],"wp:featuredmedia":[{"embeddable":true,"href":"https:\/\/solutionmassage.com\/boutique\/wp-json\/wp\/v2\/media\/926"}],"wp:attachment":[{"href":"https:\/\/solutionmassage.com\/boutique\/wp-json\/wp\/v2\/media?parent=925"}],"wp:term":[{"taxonomy":"product_brand","embeddable":true,"href":"https:\/\/solutionmassage.com\/boutique\/wp-json\/wp\/v2\/product_brand?post=925"},{"taxonomy":"product_cat","embeddable":true,"href":"https:\/\/solutionmassage.com\/boutique\/wp-json\/wp\/v2\/product_cat?post=925"},{"taxonomy":"product_tag","embeddable":true,"href":"https:\/\/solutionmassage.com\/boutique\/wp-json\/wp\/v2\/product_tag?post=925"}],"curies":[{"name":"wp","href":"https:\/\/api.w.org\/{rel}","templated":true}]}}