{"id":760,"date":"2025-11-19T20:58:00","date_gmt":"2025-11-19T20:58:00","guid":{"rendered":"https:\/\/solutionmassage.com\/boutique\/?post_type=product&#038;p=760"},"modified":"2026-03-04T16:59:10","modified_gmt":"2026-03-04T16:59:10","slug":"menthe-poivree-supreme-biologique-15ml","status":"publish","type":"product","link":"https:\/\/solutionmassage.com\/boutique\/produit\/menthe-poivree-supreme-biologique-15ml\/","title":{"rendered":"Menthe poivr\u00e9e Supr\u00eame Biologique (15mL)"},"content":{"rendered":"<p>L&rsquo;huile essentielle de Menthe Poivr\u00e9e est traditionnellement utilis\u00e9e en phytoth\u00e9rapie pour aider \u00e0 soulager les naus\u00e9es et les vomissements.<\/p>\n<p>Huile essentielle bio et ch\u00e9motyp\u00e9e, 100% pure, naturelle et authentique.<\/p>\n<h2>Histoire<\/h2>\n<p>Il existe diff\u00e9rents types de menthe, chacune avec son propre parfum. La menthe poivr\u00e9e a un parfum fort et frais. Cette plante est principalement utilis\u00e9e pour ses vertus aromatiques et m\u00e9dicinales. C&rsquo;est la menthe la plus utilis\u00e9e en phytoth\u00e9rapie (phytoth\u00e9rapie), \u00e0 \u200b\u200bdes fins m\u00e9dicinales et dans l&rsquo;industrie agroalimentaire (bonbons, dentifrice, chewing-gum, confiserie et boissons alcoolis\u00e9es).<\/p>\n","protected":false},"excerpt":{"rendered":"<div class=\"accordion \">\n<div class=\"accordion__inner\" data-index=\"\" data-open=\"true\">\n<div id=\"accordion-content-description\" class=\"accordion__content fs-body-100 rte non-page-rte measure\" aria-hidden=\"false\">\n<p>\u00a0Huile essentielle bio et ch\u00e9motyp\u00e9e, 100% pure, naturelle et authentique.<\/p>\n<\/div>\n<\/div>\n<\/div>\n<div class=\"accordion \">\n<div class=\"accordion__inner\" data-index=\"\" data-open=\"false\"><\/div>\n<\/div>\n","protected":false},"featured_media":761,"template":"","meta":{"_acf_changed":false},"product_brand":[69],"product_cat":[68],"product_tag":[],"class_list":{"0":"post-760","1":"product","2":"type-product","3":"status-publish","4":"has-post-thumbnail","6":"product_brand-divine-essence","7":"product_cat-huiles-essentielles","8":"pa_format-30-ml","9":"pa_format-15ml","11":"first","12":"instock","13":"taxable","14":"shipping-taxable","15":"purchasable","16":"product-type-simple"},"acf":[],"_links":{"self":[{"href":"https:\/\/solutionmassage.com\/boutique\/wp-json\/wp\/v2\/product\/760","targetHints":{"allow":["GET"]}}],"collection":[{"href":"https:\/\/solutionmassage.com\/boutique\/wp-json\/wp\/v2\/product"}],"about":[{"href":"https:\/\/solutionmassage.com\/boutique\/wp-json\/wp\/v2\/types\/product"}],"wp:featuredmedia":[{"embeddable":true,"href":"https:\/\/solutionmassage.com\/boutique\/wp-json\/wp\/v2\/media\/761"}],"wp:attachment":[{"href":"https:\/\/solutionmassage.com\/boutique\/wp-json\/wp\/v2\/media?parent=760"}],"wp:term":[{"taxonomy":"product_brand","embeddable":true,"href":"https:\/\/solutionmassage.com\/boutique\/wp-json\/wp\/v2\/product_brand?post=760"},{"taxonomy":"product_cat","embeddable":true,"href":"https:\/\/solutionmassage.com\/boutique\/wp-json\/wp\/v2\/product_cat?post=760"},{"taxonomy":"product_tag","embeddable":true,"href":"https:\/\/solutionmassage.com\/boutique\/wp-json\/wp\/v2\/product_tag?post=760"}],"curies":[{"name":"wp","href":"https:\/\/api.w.org\/{rel}","templated":true}]}}