{"id":750,"date":"2025-11-19T20:38:43","date_gmt":"2025-11-19T20:38:43","guid":{"rendered":"https:\/\/solutionmassage.com\/boutique\/?post_type=product&#038;p=750"},"modified":"2026-03-04T16:58:59","modified_gmt":"2026-03-04T16:58:59","slug":"no-7-maux-de-tete-roll-on-biologique","status":"publish","type":"product","link":"https:\/\/solutionmassage.com\/boutique\/produit\/no-7-maux-de-tete-roll-on-biologique\/","title":{"rendered":"No 7 &#8211; Maux de t\u00eate Roll-on Biologique"},"content":{"rendered":"<p>Retrouvez le calme et apaisez vos maux de t\u00eate gr\u00e2ce \u00e0 cette synergie d&rsquo;huiles essentielles de Menthe Arvensis, Menthe Verte, Menthe Poivr\u00e9e, Lavandin Super et Ravintsara. Une combinaison gagnante qui vous procurera un effet rafra\u00eechissant instantan\u00e9.<\/p>\n<p>Utilis\u00e9 en aromath\u00e9rapie pour aider \u00e0 soulager les maux de t\u00eate.<\/p>\n<p>Cosm\u00e9tique naturel et biologique certifi\u00e9 par ECOCERT GREENLIFE selon le r\u00e9f\u00e9rentiel ECOCERT disponible sur http:\/\/ecocert.com\/fr\/cosmetiques-naturelles-et-organiques<\/p>\n","protected":false},"excerpt":{"rendered":"<p>Utilis\u00e9 en aromath\u00e9rapie pour aider \u00e0 soulager les maux de t\u00eate.<\/p>\n","protected":false},"featured_media":751,"template":"","meta":{"_acf_changed":false},"product_brand":[69],"product_cat":[68],"product_tag":[],"class_list":{"0":"post-750","1":"product","2":"type-product","3":"status-publish","4":"has-post-thumbnail","6":"product_brand-divine-essence","7":"product_cat-huiles-essentielles","8":"pa_format-30-ml","9":"pa_format-15ml","11":"first","12":"instock","13":"taxable","14":"shipping-taxable","15":"purchasable","16":"product-type-simple"},"acf":[],"_links":{"self":[{"href":"https:\/\/solutionmassage.com\/boutique\/wp-json\/wp\/v2\/product\/750","targetHints":{"allow":["GET"]}}],"collection":[{"href":"https:\/\/solutionmassage.com\/boutique\/wp-json\/wp\/v2\/product"}],"about":[{"href":"https:\/\/solutionmassage.com\/boutique\/wp-json\/wp\/v2\/types\/product"}],"wp:featuredmedia":[{"embeddable":true,"href":"https:\/\/solutionmassage.com\/boutique\/wp-json\/wp\/v2\/media\/751"}],"wp:attachment":[{"href":"https:\/\/solutionmassage.com\/boutique\/wp-json\/wp\/v2\/media?parent=750"}],"wp:term":[{"taxonomy":"product_brand","embeddable":true,"href":"https:\/\/solutionmassage.com\/boutique\/wp-json\/wp\/v2\/product_brand?post=750"},{"taxonomy":"product_cat","embeddable":true,"href":"https:\/\/solutionmassage.com\/boutique\/wp-json\/wp\/v2\/product_cat?post=750"},{"taxonomy":"product_tag","embeddable":true,"href":"https:\/\/solutionmassage.com\/boutique\/wp-json\/wp\/v2\/product_tag?post=750"}],"curies":[{"name":"wp","href":"https:\/\/api.w.org\/{rel}","templated":true}]}}