{"id":744,"date":"2025-11-19T20:26:42","date_gmt":"2025-11-19T20:26:42","guid":{"rendered":"https:\/\/solutionmassage.com\/boutique\/?post_type=product&#038;p=744"},"modified":"2026-03-04T16:58:51","modified_gmt":"2026-03-04T16:58:51","slug":"citron-biologique-15ml","status":"publish","type":"product","link":"https:\/\/solutionmassage.com\/boutique\/produit\/citron-biologique-15ml\/","title":{"rendered":"No 3 &#8211; Stress et Insomnie Roll-on Biologique"},"content":{"rendered":"<p>Aide \u00e0 r\u00e9duire le stress et l&rsquo;insomnie. Lib\u00e9rez-vous de votre tension nerveuse et accordez-vous un moment de d\u00e9tente avec cette synergie d&rsquo;huiles essentielles d&rsquo;Orange Douce, Super Lavandin, Bergamote, Mandarine Verte, Verveine Exotique et Marjolaine Sylvestre sp\u00e9cialement con\u00e7ue pour vous aider \u00e0 vous relaxer et \u00e0 vous relaxer.<\/p>\n<p>Utilis\u00e9 en aromath\u00e9rapie pour calmer.<\/p>\n<p>Cosm\u00e9tique naturel et biologique certifi\u00e9 par ECOCERT GREENLIFE selon le r\u00e9f\u00e9rentiel ECOCERT disponible sur http:\/\/ecocert.com\/fr\/cosmetiques-naturelles-et-organiques<\/p>\n","protected":false},"excerpt":{"rendered":"<p>Aide \u00e0 r\u00e9duire le stress et l&rsquo;insomnie.<\/p>\n","protected":false},"featured_media":748,"template":"","meta":{"_acf_changed":false},"product_brand":[69],"product_cat":[68],"product_tag":[],"class_list":{"0":"post-744","1":"product","2":"type-product","3":"status-publish","4":"has-post-thumbnail","6":"product_brand-divine-essence","7":"product_cat-huiles-essentielles","8":"pa_format-30-ml","9":"pa_format-15ml","11":"first","12":"instock","13":"taxable","14":"shipping-taxable","15":"purchasable","16":"product-type-simple"},"acf":[],"_links":{"self":[{"href":"https:\/\/solutionmassage.com\/boutique\/wp-json\/wp\/v2\/product\/744","targetHints":{"allow":["GET"]}}],"collection":[{"href":"https:\/\/solutionmassage.com\/boutique\/wp-json\/wp\/v2\/product"}],"about":[{"href":"https:\/\/solutionmassage.com\/boutique\/wp-json\/wp\/v2\/types\/product"}],"wp:featuredmedia":[{"embeddable":true,"href":"https:\/\/solutionmassage.com\/boutique\/wp-json\/wp\/v2\/media\/748"}],"wp:attachment":[{"href":"https:\/\/solutionmassage.com\/boutique\/wp-json\/wp\/v2\/media?parent=744"}],"wp:term":[{"taxonomy":"product_brand","embeddable":true,"href":"https:\/\/solutionmassage.com\/boutique\/wp-json\/wp\/v2\/product_brand?post=744"},{"taxonomy":"product_cat","embeddable":true,"href":"https:\/\/solutionmassage.com\/boutique\/wp-json\/wp\/v2\/product_cat?post=744"},{"taxonomy":"product_tag","embeddable":true,"href":"https:\/\/solutionmassage.com\/boutique\/wp-json\/wp\/v2\/product_tag?post=744"}],"curies":[{"name":"wp","href":"https:\/\/api.w.org\/{rel}","templated":true}]}}