{"id":741,"date":"2025-11-19T20:20:16","date_gmt":"2025-11-19T20:20:16","guid":{"rendered":"https:\/\/solutionmassage.com\/boutique\/?post_type=product&#038;p=741"},"modified":"2026-03-04T16:59:05","modified_gmt":"2026-03-04T16:59:05","slug":"eucalyptus-radiata-biologique-15ml","status":"publish","type":"product","link":"https:\/\/solutionmassage.com\/boutique\/produit\/eucalyptus-radiata-biologique-15ml\/","title":{"rendered":"Eucalyptus Radiata Biologique (15mL)"},"content":{"rendered":"<p>L&rsquo;huile essentielle d&rsquo;Eucalyptus radiata est utilis\u00e9e en aromath\u00e9rapie pour soulager les sympt\u00f4mes du rhume et de la toux.<\/p>\n<p>Huile essentielle Bio et Ch\u00e9motyp\u00e9e, 100% pure, naturelle et authentique.<\/p>\n<h2>Histoire<\/h2>\n<p>Arbre impressionnant qui peut atteindre des hauteurs allant de 30 \u00e0 50 m\u00e8tres, l&rsquo;Eucalyptus Radiata est l&rsquo;eucalyptus le plus susceptible d&rsquo;\u00eatre un aliment de base dans la plupart des armoires \u00e0 pharmacie. Tr\u00e8s utile en hiver pour se prot\u00e9ger des grippes et rhumes hivernaux.<\/p>\n","protected":false},"excerpt":{"rendered":"<p>Huile essentielle Bio et Ch\u00e9motyp\u00e9e, 100% pure, naturelle et authentique.<\/p>\n","protected":false},"featured_media":742,"template":"","meta":{"_acf_changed":false},"product_brand":[69],"product_cat":[68],"product_tag":[],"class_list":{"0":"post-741","1":"product","2":"type-product","3":"status-publish","4":"has-post-thumbnail","6":"product_brand-divine-essence","7":"product_cat-huiles-essentielles","8":"pa_format-30-ml","9":"pa_format-15ml","11":"first","12":"instock","13":"taxable","14":"shipping-taxable","15":"purchasable","16":"product-type-simple"},"acf":[],"_links":{"self":[{"href":"https:\/\/solutionmassage.com\/boutique\/wp-json\/wp\/v2\/product\/741","targetHints":{"allow":["GET"]}}],"collection":[{"href":"https:\/\/solutionmassage.com\/boutique\/wp-json\/wp\/v2\/product"}],"about":[{"href":"https:\/\/solutionmassage.com\/boutique\/wp-json\/wp\/v2\/types\/product"}],"wp:featuredmedia":[{"embeddable":true,"href":"https:\/\/solutionmassage.com\/boutique\/wp-json\/wp\/v2\/media\/742"}],"wp:attachment":[{"href":"https:\/\/solutionmassage.com\/boutique\/wp-json\/wp\/v2\/media?parent=741"}],"wp:term":[{"taxonomy":"product_brand","embeddable":true,"href":"https:\/\/solutionmassage.com\/boutique\/wp-json\/wp\/v2\/product_brand?post=741"},{"taxonomy":"product_cat","embeddable":true,"href":"https:\/\/solutionmassage.com\/boutique\/wp-json\/wp\/v2\/product_cat?post=741"},{"taxonomy":"product_tag","embeddable":true,"href":"https:\/\/solutionmassage.com\/boutique\/wp-json\/wp\/v2\/product_tag?post=741"}],"curies":[{"name":"wp","href":"https:\/\/api.w.org\/{rel}","templated":true}]}}