{"id":738,"date":"2025-11-19T20:16:16","date_gmt":"2025-11-19T20:16:16","guid":{"rendered":"https:\/\/solutionmassage.com\/boutique\/?post_type=product&#038;p=738"},"modified":"2026-03-04T16:59:24","modified_gmt":"2026-03-04T16:59:24","slug":"synergie-prana-respire-biologique-15ml","status":"publish","type":"product","link":"https:\/\/solutionmassage.com\/boutique\/produit\/synergie-prana-respire-biologique-15ml\/","title":{"rendered":"Synergie Prana Respire Biologique (15mL)"},"content":{"rendered":"<div>\n<p><strong>Am\u00e9liorez votre bien-\u00eatre avec ce m\u00e9lange de synergie d&rsquo;huiles essentielles\u00a0!<\/strong><\/p>\n<\/div>\n<div>\n<p><strong>Sp\u00e9cialement formul\u00e9 pour obtenir des r\u00e9sultats optimaux pour la diffusion, le bain et le massage.<\/strong><\/p>\n<\/div>\n<p>Le Prana est un complexe d&rsquo;huiles essentielles qui aide \u00e0 lutter contre les maux de l&rsquo;hiver. L&rsquo;eucalyptus radi\u00e9, le niaouli et le romarin \u00e0 cin\u00e9ole sont des herbes pr\u00e9cieuses une fois l&rsquo;hiver arriv\u00e9 et aident \u00e0 lutter contre les infections des voies respiratoires. La fra\u00eecheur de la menthe poivr\u00e9e, du sapin baumier et du ravintsara, associ\u00e9e au parfum riche de Palmarosa, donne \u00e0 Prana son parfum frais, agr\u00e9able et menthol\u00e9.<\/p>\n<p>Le m\u00e9lange d&rsquo;huiles essentielles Breathe Prana est utilis\u00e9 en aromath\u00e9rapie pour aider \u00e0 soulager le rhume et la toux.<\/p>\n<p>Ajouter quelques gouttes dans un diffuseur, dans un bain en les diluant avec tout produit moussant non parfum\u00e9 ou l\u00e9g\u00e8rement parfum\u00e9 (shampooing, gel douche, bain moussant\u2026) ou avec\u00a0<a href=\"https:\/\/www.divineessence.com\/en\/shop-by-products\/butters\/hc115b-emulsium\" data-cke-saved-href=\"https:\/\/www.divineessence.com\/en\/shop-by-products\/butters\/hc115b-emulsium\" data-cke-saved- target=\"_blank\" rel=\"noopener\">EMULSIUM<\/a>\u00a0, notre \u00e9mulsifiant qui est un dispersant des huiles essentielles dans l&rsquo;eau (parfait pour le bain, les brumes corporelles DIY et les vaporisateurs d&rsquo;ambiance). Il peut \u00e9galement \u00eatre utilis\u00e9 pour la massoth\u00e9rapie en le diluant avec l&rsquo;une de nos huiles de support et de beaut\u00e9.<\/p>\n<p><strong>Important\u00a0<\/strong>: Lire la posologie ci-dessous.<\/p>\n","protected":false},"excerpt":{"rendered":"<p>Le m\u00e9lange d&rsquo;huiles essentielles Breathe Prana est utilis\u00e9 en aromath\u00e9rapie pour aider \u00e0 soulager le rhume et la toux.<\/p>\n","protected":false},"featured_media":739,"template":"","meta":{"_acf_changed":false},"product_brand":[69],"product_cat":[68],"product_tag":[],"class_list":{"0":"post-738","1":"product","2":"type-product","3":"status-publish","4":"has-post-thumbnail","6":"product_brand-divine-essence","7":"product_cat-huiles-essentielles","8":"pa_format-30-ml","9":"pa_format-15ml","11":"first","12":"instock","13":"taxable","14":"shipping-taxable","15":"purchasable","16":"product-type-simple"},"acf":[],"_links":{"self":[{"href":"https:\/\/solutionmassage.com\/boutique\/wp-json\/wp\/v2\/product\/738","targetHints":{"allow":["GET"]}}],"collection":[{"href":"https:\/\/solutionmassage.com\/boutique\/wp-json\/wp\/v2\/product"}],"about":[{"href":"https:\/\/solutionmassage.com\/boutique\/wp-json\/wp\/v2\/types\/product"}],"wp:featuredmedia":[{"embeddable":true,"href":"https:\/\/solutionmassage.com\/boutique\/wp-json\/wp\/v2\/media\/739"}],"wp:attachment":[{"href":"https:\/\/solutionmassage.com\/boutique\/wp-json\/wp\/v2\/media?parent=738"}],"wp:term":[{"taxonomy":"product_brand","embeddable":true,"href":"https:\/\/solutionmassage.com\/boutique\/wp-json\/wp\/v2\/product_brand?post=738"},{"taxonomy":"product_cat","embeddable":true,"href":"https:\/\/solutionmassage.com\/boutique\/wp-json\/wp\/v2\/product_cat?post=738"},{"taxonomy":"product_tag","embeddable":true,"href":"https:\/\/solutionmassage.com\/boutique\/wp-json\/wp\/v2\/product_tag?post=738"}],"curies":[{"name":"wp","href":"https:\/\/api.w.org\/{rel}","templated":true}]}}