{"id":735,"date":"2025-11-19T20:11:38","date_gmt":"2025-11-19T20:11:38","guid":{"rendered":"https:\/\/solutionmassage.com\/boutique\/?post_type=product&#038;p=735"},"modified":"2026-03-04T16:59:16","modified_gmt":"2026-03-04T16:59:16","slug":"zen-meditation-synergy-organic-30ml","status":"publish","type":"product","link":"https:\/\/solutionmassage.com\/boutique\/produit\/zen-meditation-synergy-organic-30ml\/","title":{"rendered":"Zen Meditation Synergy Organic (30mL)"},"content":{"rendered":"<div>\n<p><strong>Am\u00e9liorez votre bien-\u00eatre avec ce m\u00e9lange synergique d\u2019huiles essentielles !<\/strong><\/p>\n<\/div>\n<div>\n<p><strong>Sp\u00e9cialement formul\u00e9 pour obtenir des r\u00e9sultats optimaux en diffusion et en bain.<\/strong><\/p>\n<\/div>\n<p>Profitez du complexe d&rsquo;huiles essentielles Zen Meditation con\u00e7u sur mesure pour la m\u00e9ditation, avec de l&rsquo;orange douce, de l&rsquo;\u00e9pinette noire, du c\u00e8dre et de l&rsquo;encens de Somalie. Le parfum doux, sucr\u00e9 et l\u00e9g\u00e8rement bois\u00e9 de Zen est id\u00e9al pour calmer l&rsquo;esprit et favoriser la relaxation. Connu pour ses caract\u00e9ristiques spirituelles, cet encens est utilis\u00e9 depuis longtemps dans les rituels et pratiques sacr\u00e9s. Avec sa combinaison d\u2019essences fra\u00eeches et revigorantes de conif\u00e8res et d\u2019orange, le Zen ouvre la voie \u00e0 une m\u00e9ditation profonde et \u00e0 la paix int\u00e9rieure. Namast\u00e9.<\/p>\n<p>Le m\u00e9lange d\u2019huiles essentielles Zen Meditation est utilis\u00e9 en aromath\u00e9rapie comme tonique nerveux.<\/p>\n","protected":false},"excerpt":{"rendered":"<p>Le m\u00e9lange d\u2019huiles essentielles Zen Meditation est utilis\u00e9 en aromath\u00e9rapie comme tonique nerveux.<\/p>\n","protected":false},"featured_media":736,"template":"","meta":{"_acf_changed":false},"product_brand":[69],"product_cat":[68],"product_tag":[],"class_list":{"0":"post-735","1":"product","2":"type-product","3":"status-publish","4":"has-post-thumbnail","6":"product_brand-divine-essence","7":"product_cat-huiles-essentielles","8":"pa_format-30-ml","9":"pa_format-15ml","11":"first","12":"instock","13":"taxable","14":"shipping-taxable","15":"purchasable","16":"product-type-simple"},"acf":[],"_links":{"self":[{"href":"https:\/\/solutionmassage.com\/boutique\/wp-json\/wp\/v2\/product\/735","targetHints":{"allow":["GET"]}}],"collection":[{"href":"https:\/\/solutionmassage.com\/boutique\/wp-json\/wp\/v2\/product"}],"about":[{"href":"https:\/\/solutionmassage.com\/boutique\/wp-json\/wp\/v2\/types\/product"}],"wp:featuredmedia":[{"embeddable":true,"href":"https:\/\/solutionmassage.com\/boutique\/wp-json\/wp\/v2\/media\/736"}],"wp:attachment":[{"href":"https:\/\/solutionmassage.com\/boutique\/wp-json\/wp\/v2\/media?parent=735"}],"wp:term":[{"taxonomy":"product_brand","embeddable":true,"href":"https:\/\/solutionmassage.com\/boutique\/wp-json\/wp\/v2\/product_brand?post=735"},{"taxonomy":"product_cat","embeddable":true,"href":"https:\/\/solutionmassage.com\/boutique\/wp-json\/wp\/v2\/product_cat?post=735"},{"taxonomy":"product_tag","embeddable":true,"href":"https:\/\/solutionmassage.com\/boutique\/wp-json\/wp\/v2\/product_tag?post=735"}],"curies":[{"name":"wp","href":"https:\/\/api.w.org\/{rel}","templated":true}]}}