{"id":727,"date":"2025-11-19T20:00:57","date_gmt":"2025-11-19T20:00:57","guid":{"rendered":"https:\/\/solutionmassage.com\/boutique\/?post_type=product&#038;p=727"},"modified":"2026-03-04T16:58:37","modified_gmt":"2026-03-04T16:58:37","slug":"synergie-foret-nordika-biologique-30ml","status":"publish","type":"product","link":"https:\/\/solutionmassage.com\/boutique\/produit\/synergie-foret-nordika-biologique-30ml\/","title":{"rendered":"Synergie For\u00eat Nordika Biologique (30mL)"},"content":{"rendered":"<div>\n<p><strong>Am\u00e9liorez votre bien-\u00eatre avec ce m\u00e9lange de synergie d&rsquo;huiles essentielles\u00a0!<\/strong><\/p>\n<\/div>\n<div>\n<p><strong>Sp\u00e9cialement formul\u00e9 pour obtenir des r\u00e9sultats optimaux pour la diffusion, le bain et le massage.<\/strong><\/p>\n<\/div>\n<p>Tous les bienfaits de la for\u00eat bor\u00e9ale dans une fiole ! Nordika Forest efface les signes de fatigue physique et mentale ; son parfum frais et bois\u00e9 mettra du rebond dans votre d\u00e9marche et vous gardera sous tension toute la journ\u00e9e.<\/p>\n<p>Le m\u00e9lange d&rsquo;huiles essentielles Nordika Forest est utilis\u00e9 en aromath\u00e9rapie comme tonique nerveux.<\/p>\n<p>Ajouter quelques gouttes dans un diffuseur, dans un bain en les diluant avec n&rsquo;importe quel produit moussant non parfum\u00e9 ou l\u00e9g\u00e8rement parfum\u00e9 (shampooing, gel douche, bain moussant\u2026) ou avec EMULSIUM, notre \u00e9mulsifiant qui est un dispersant des huiles essentielles dans l&rsquo;eau (parfait pour bain, brumes corporelles DIY et vaporisateurs d&rsquo;ambiance). Il peut \u00e9galement \u00eatre utilis\u00e9 pour la massoth\u00e9rapie en le diluant avec l&rsquo;une de nos huiles de support et de beaut\u00e9.<\/p>\n<p><strong>Important\u00a0:<\/strong>\u00a0Lire la posologie ci-dessous.<\/p>\n","protected":false},"excerpt":{"rendered":"<p>Le m\u00e9lange d&rsquo;huiles essentielles Nordika Forest est utilis\u00e9 en aromath\u00e9rapie comme tonique nerveux.<\/p>\n","protected":false},"featured_media":730,"template":"","meta":{"_acf_changed":false},"product_brand":[69],"product_cat":[68],"product_tag":[],"class_list":{"0":"post-727","1":"product","2":"type-product","3":"status-publish","4":"has-post-thumbnail","6":"product_brand-divine-essence","7":"product_cat-huiles-essentielles","8":"pa_format-30-ml","9":"pa_format-15ml","11":"first","12":"instock","13":"taxable","14":"shipping-taxable","15":"purchasable","16":"product-type-simple"},"acf":[],"_links":{"self":[{"href":"https:\/\/solutionmassage.com\/boutique\/wp-json\/wp\/v2\/product\/727","targetHints":{"allow":["GET"]}}],"collection":[{"href":"https:\/\/solutionmassage.com\/boutique\/wp-json\/wp\/v2\/product"}],"about":[{"href":"https:\/\/solutionmassage.com\/boutique\/wp-json\/wp\/v2\/types\/product"}],"wp:featuredmedia":[{"embeddable":true,"href":"https:\/\/solutionmassage.com\/boutique\/wp-json\/wp\/v2\/media\/730"}],"wp:attachment":[{"href":"https:\/\/solutionmassage.com\/boutique\/wp-json\/wp\/v2\/media?parent=727"}],"wp:term":[{"taxonomy":"product_brand","embeddable":true,"href":"https:\/\/solutionmassage.com\/boutique\/wp-json\/wp\/v2\/product_brand?post=727"},{"taxonomy":"product_cat","embeddable":true,"href":"https:\/\/solutionmassage.com\/boutique\/wp-json\/wp\/v2\/product_cat?post=727"},{"taxonomy":"product_tag","embeddable":true,"href":"https:\/\/solutionmassage.com\/boutique\/wp-json\/wp\/v2\/product_tag?post=727"}],"curies":[{"name":"wp","href":"https:\/\/api.w.org\/{rel}","templated":true}]}}