{"id":724,"date":"2025-11-19T19:53:28","date_gmt":"2025-11-19T19:53:28","guid":{"rendered":"https:\/\/solutionmassage.com\/boutique\/?post_type=product&#038;p=724"},"modified":"2025-11-19T20:56:35","modified_gmt":"2025-11-19T20:56:35","slug":"synergie-anti-stress-biologique30ml","status":"publish","type":"product","link":"https:\/\/solutionmassage.com\/boutique\/produit\/synergie-anti-stress-biologique30ml\/","title":{"rendered":"Synergie Anti-Stress Biologique"},"content":{"rendered":"<div>\n<p><strong>Am\u00e9liorez votre bien-\u00eatre avec ce m\u00e9lange de synergie d&rsquo;huiles essentielles\u00a0!<\/strong><\/p>\n<\/div>\n<div>\n<p><strong>Sp\u00e9cialement formul\u00e9 pour obtenir des r\u00e9sultats optimaux pour la diffusion, le bain et le massage.<\/strong><\/p>\n<p>Anti-Stress combine nos huiles essentielles les plus relaxantes et apaisantes pour soulager la nervosit\u00e9 et l&rsquo;anxi\u00e9t\u00e9 l\u00e9g\u00e8re. L&rsquo;orange douce, la lavande hybride super et la mandarine verte d\u00e9tendent et calment le corps pour favoriser le repos et le sommeil. Le parfum frais du citron et de la verveine exotique se combine au parfum rustique de la marjolaine espagnole pour apporter la touche finale parfaite \u00e0 un complexe relaxant qui r\u00e9tablit votre \u00e9quilibre lorsque la vie devient incontr\u00f4lable. Utilis\u00e9 lors d&rsquo;un massage, dans le bain ou en inhalation, Anti-Stress est le parfait antidote au stress quotidien de la vie.<\/p>\n<\/div>\n<p>La synergie d&rsquo;huiles essentielles Anti-Stress est utilis\u00e9e en aromath\u00e9rapie pour aider \u00e0 calmer les nerfs.<\/p>\n<p>Ajouter quelques gouttes dans un diffuseur, dans un bain en les diluant avec n&rsquo;importe quel produit moussant non parfum\u00e9 ou l\u00e9g\u00e8rement parfum\u00e9 (shampooing, gel douche, bain moussant\u2026) ou avec EMULSIUM, notre \u00e9mulsifiant qui est un dispersant des huiles essentielles dans l&rsquo;eau (parfait pour bain, brumes corporelles DIY et vaporisateurs d&rsquo;ambiance). Il peut \u00e9galement \u00eatre utilis\u00e9 pour la massoth\u00e9rapie en le diluant avec l&rsquo;une de nos huiles de support et de beaut\u00e9.<\/p>\n<p><strong>Important\u00a0: Lire la posologie ci-dessous<\/strong>.<\/p>\n","protected":false},"excerpt":{"rendered":"<p>La synergie d&rsquo;huiles essentielles Anti-Stress est utilis\u00e9e en aromath\u00e9rapie pour aider \u00e0 calmer les nerfs.<\/p>\n","protected":false},"featured_media":707,"template":"","meta":{"_acf_changed":false},"product_brand":[69],"product_cat":[68],"product_tag":[],"class_list":{"0":"post-724","1":"product","2":"type-product","3":"status-publish","4":"has-post-thumbnail","6":"product_brand-divine-essence","7":"product_cat-huiles-essentielles","8":"pa_format-30-ml","9":"pa_format-100ml","10":"pa_format-15ml","12":"first","13":"instock","14":"sale","15":"taxable","16":"shipping-taxable","17":"purchasable","18":"product-type-variable","19":"has-default-attributes"},"acf":[],"_links":{"self":[{"href":"https:\/\/solutionmassage.com\/boutique\/wp-json\/wp\/v2\/product\/724","targetHints":{"allow":["GET"]}}],"collection":[{"href":"https:\/\/solutionmassage.com\/boutique\/wp-json\/wp\/v2\/product"}],"about":[{"href":"https:\/\/solutionmassage.com\/boutique\/wp-json\/wp\/v2\/types\/product"}],"wp:featuredmedia":[{"embeddable":true,"href":"https:\/\/solutionmassage.com\/boutique\/wp-json\/wp\/v2\/media\/707"}],"wp:attachment":[{"href":"https:\/\/solutionmassage.com\/boutique\/wp-json\/wp\/v2\/media?parent=724"}],"wp:term":[{"taxonomy":"product_brand","embeddable":true,"href":"https:\/\/solutionmassage.com\/boutique\/wp-json\/wp\/v2\/product_brand?post=724"},{"taxonomy":"product_cat","embeddable":true,"href":"https:\/\/solutionmassage.com\/boutique\/wp-json\/wp\/v2\/product_cat?post=724"},{"taxonomy":"product_tag","embeddable":true,"href":"https:\/\/solutionmassage.com\/boutique\/wp-json\/wp\/v2\/product_tag?post=724"}],"curies":[{"name":"wp","href":"https:\/\/api.w.org\/{rel}","templated":true}]}}