{"id":719,"date":"2025-11-19T19:38:38","date_gmt":"2025-11-19T19:38:38","guid":{"rendered":"https:\/\/solutionmassage.com\/boutique\/?post_type=product&#038;p=719"},"modified":"2026-03-04T16:58:12","modified_gmt":"2026-03-04T16:58:12","slug":"no-2-muscles-et-articulations-roll-on-vaporisateur-biologique-15ml","status":"publish","type":"product","link":"https:\/\/solutionmassage.com\/boutique\/produit\/no-2-muscles-et-articulations-roll-on-vaporisateur-biologique-15ml\/","title":{"rendered":"No 2 &#8211; Muscles et articulations Roll-on &#038; Vaporisateur Biologique"},"content":{"rendered":"<p>Soulagez vos douleurs articulaires et musculaires et retrouvez votre libert\u00e9 de mouvement avec ce m\u00e9lange synergique d\u2019huiles essentielles de Gaulth\u00e9rie, Menthe \u2013 Arvensis (Menthe de ma\u00efs), Lavande Hybride Super et Eucalyptus \u2013 Gomme bleue. Id\u00e9al pour les sportifs, ce m\u00e9lange convient aux adultes et aux enfants de plus de sept ans.<\/p>\n<p>Pour un soulagement temporaire des douleurs musculaires et articulaires associ\u00e9es aux maux de dos, aux lumbagos, aux contusions, aux entorses, aux foulures et aux douleurs arthritiques.<\/p>\n<p>Cosm\u00e9tique naturel et biologique certifi\u00e9 par ECOCERT GREENLIFE selon le r\u00e9f\u00e9rentiel ECOCERT disponible sur http:\/\/ecocert.com\/fr\/cosmetiques-naturelles-et-organiques<\/p>\n","protected":false},"excerpt":{"rendered":"<p>Pour un soulagement temporaire des douleurs musculaires et articulaires associ\u00e9es aux maux de dos, aux lumbagos, aux contusions, aux entorses, aux foulures et aux douleurs arthritiques.<\/p>\n","protected":false},"featured_media":720,"template":"","meta":{"_acf_changed":false},"product_brand":[69],"product_cat":[68],"product_tag":[],"class_list":{"0":"post-719","1":"product","2":"type-product","3":"status-publish","4":"has-post-thumbnail","6":"product_brand-divine-essence","7":"product_cat-huiles-essentielles","8":"pa_format-100ml","10":"first","11":"instock","12":"taxable","13":"shipping-taxable","14":"purchasable","15":"product-type-simple"},"acf":[],"_links":{"self":[{"href":"https:\/\/solutionmassage.com\/boutique\/wp-json\/wp\/v2\/product\/719","targetHints":{"allow":["GET"]}}],"collection":[{"href":"https:\/\/solutionmassage.com\/boutique\/wp-json\/wp\/v2\/product"}],"about":[{"href":"https:\/\/solutionmassage.com\/boutique\/wp-json\/wp\/v2\/types\/product"}],"wp:featuredmedia":[{"embeddable":true,"href":"https:\/\/solutionmassage.com\/boutique\/wp-json\/wp\/v2\/media\/720"}],"wp:attachment":[{"href":"https:\/\/solutionmassage.com\/boutique\/wp-json\/wp\/v2\/media?parent=719"}],"wp:term":[{"taxonomy":"product_brand","embeddable":true,"href":"https:\/\/solutionmassage.com\/boutique\/wp-json\/wp\/v2\/product_brand?post=719"},{"taxonomy":"product_cat","embeddable":true,"href":"https:\/\/solutionmassage.com\/boutique\/wp-json\/wp\/v2\/product_cat?post=719"},{"taxonomy":"product_tag","embeddable":true,"href":"https:\/\/solutionmassage.com\/boutique\/wp-json\/wp\/v2\/product_tag?post=719"}],"curies":[{"name":"wp","href":"https:\/\/api.w.org\/{rel}","templated":true}]}}