{"id":718,"date":"2025-11-19T14:47:55","date_gmt":"2025-11-19T14:47:55","guid":{"rendered":"https:\/\/solutionmassage.com\/boutique\/?post_type=product&#038;p=718"},"modified":"2026-03-04T16:58:24","modified_gmt":"2026-03-04T16:58:24","slug":"gaultherie-odorante-biologique-15ml","status":"publish","type":"product","link":"https:\/\/solutionmassage.com\/boutique\/produit\/gaultherie-odorante-biologique-15ml\/","title":{"rendered":"Gaulth\u00e9rie Odorante Biologique (15mL)"},"content":{"rendered":"<p>L&rsquo;huile essentielle de Gaulth\u00e9rie Odorante est utilis\u00e9e en aromath\u00e9rapie pour le soulagement temporaire des douleurs musculaires et articulaires associ\u00e9es aux maux de dos, lumbago, foulures, contusions, entorses et arthrite.<\/p>\n<p>Huile essentielle bio et ch\u00e9motyp\u00e9e, 100% pure, naturelle et authentique.<\/p>\n","protected":false},"excerpt":{"rendered":"<p>Huile essentielle bio et ch\u00e9motyp\u00e9e, 100% pure, naturelle et authentique.<\/p>\n","protected":false},"featured_media":722,"template":"","meta":{"_acf_changed":false},"product_brand":[69],"product_cat":[68],"product_tag":[],"class_list":{"0":"post-718","1":"product","2":"type-product","3":"status-publish","4":"has-post-thumbnail","6":"product_brand-divine-essence","7":"product_cat-huiles-essentielles","8":"pa_format-100ml","10":"first","11":"instock","12":"taxable","13":"shipping-taxable","14":"purchasable","15":"product-type-simple"},"acf":[],"_links":{"self":[{"href":"https:\/\/solutionmassage.com\/boutique\/wp-json\/wp\/v2\/product\/718","targetHints":{"allow":["GET"]}}],"collection":[{"href":"https:\/\/solutionmassage.com\/boutique\/wp-json\/wp\/v2\/product"}],"about":[{"href":"https:\/\/solutionmassage.com\/boutique\/wp-json\/wp\/v2\/types\/product"}],"wp:featuredmedia":[{"embeddable":true,"href":"https:\/\/solutionmassage.com\/boutique\/wp-json\/wp\/v2\/media\/722"}],"wp:attachment":[{"href":"https:\/\/solutionmassage.com\/boutique\/wp-json\/wp\/v2\/media?parent=718"}],"wp:term":[{"taxonomy":"product_brand","embeddable":true,"href":"https:\/\/solutionmassage.com\/boutique\/wp-json\/wp\/v2\/product_brand?post=718"},{"taxonomy":"product_cat","embeddable":true,"href":"https:\/\/solutionmassage.com\/boutique\/wp-json\/wp\/v2\/product_cat?post=718"},{"taxonomy":"product_tag","embeddable":true,"href":"https:\/\/solutionmassage.com\/boutique\/wp-json\/wp\/v2\/product_tag?post=718"}],"curies":[{"name":"wp","href":"https:\/\/api.w.org\/{rel}","templated":true}]}}