{"id":712,"date":"2025-11-19T13:39:28","date_gmt":"2025-11-19T13:39:28","guid":{"rendered":"https:\/\/solutionmassage.com\/boutique\/?post_type=product&#038;p=712"},"modified":"2026-03-04T16:58:19","modified_gmt":"2026-03-04T16:58:19","slug":"amyris-bois-santal-des-antilles-sauvage","status":"publish","type":"product","link":"https:\/\/solutionmassage.com\/boutique\/produit\/amyris-bois-santal-des-antilles-sauvage\/","title":{"rendered":"Amyris &#8211; Bois (Santal des Antilles) Sauvage (100mL)"},"content":{"rendered":"<h2 class=\"ff-heading fs-heading-5-base\">Histoire<\/h2>\n<div id=\"accordion-content-accordion-3\" class=\"accordion__content fs-body-100 rte non-page-rte measure\" aria-hidden=\"false\">\n<div class=\"metafield-rich_text_field\">\n<p>L&rsquo;Amyris est un arbre feuillu originaire d&rsquo;Ha\u00efti, \u00e0 ne pas confondre avec le bois de santal, un arbre originaire d&rsquo;Inde qui appartient \u00e0 la famille des Santalacea. On l&rsquo;appelle \u00ab bois de bougie \u00bb en Ha\u00efti car il br\u00fble longtemps. L&rsquo;huile essentielle de Bois d&rsquo;Amyris qui en est extraite est obtenue par distillation \u00e0 la vapeur d&rsquo;eau de ses copeaux de bois. Connue pour son odeur bois\u00e9e douce et tenace, cette huile essentielle est utilis\u00e9e en parfumerie. Son parfum riche et sophistiqu\u00e9 cr\u00e9e une ambiance chaleureuse et agr\u00e9able.<\/p>\n<\/div>\n<\/div>\n<div><\/div>\n","protected":false},"excerpt":{"rendered":"<p>L\u2019huile essentielle de Bois d&rsquo;Amyris est utilis\u00e9e en aromath\u00e9rapie cosm\u00e9tique pour parfumer vos recettes.<\/p>\n<p>Huile essentielle chemotyp\u00e9e, 100% pure, naturelle et authentique.<\/p>\n","protected":false},"featured_media":715,"template":"","meta":{"_acf_changed":false},"product_brand":[69],"product_cat":[68],"product_tag":[82],"class_list":{"0":"post-712","1":"product","2":"type-product","3":"status-publish","4":"has-post-thumbnail","6":"product_brand-divine-essence","7":"product_cat-huiles-essentielles","8":"product_tag-huiles-essentielles","9":"pa_format-100ml","11":"first","12":"instock","13":"taxable","14":"shipping-taxable","15":"purchasable","16":"product-type-simple"},"acf":[],"_links":{"self":[{"href":"https:\/\/solutionmassage.com\/boutique\/wp-json\/wp\/v2\/product\/712","targetHints":{"allow":["GET"]}}],"collection":[{"href":"https:\/\/solutionmassage.com\/boutique\/wp-json\/wp\/v2\/product"}],"about":[{"href":"https:\/\/solutionmassage.com\/boutique\/wp-json\/wp\/v2\/types\/product"}],"wp:featuredmedia":[{"embeddable":true,"href":"https:\/\/solutionmassage.com\/boutique\/wp-json\/wp\/v2\/media\/715"}],"wp:attachment":[{"href":"https:\/\/solutionmassage.com\/boutique\/wp-json\/wp\/v2\/media?parent=712"}],"wp:term":[{"taxonomy":"product_brand","embeddable":true,"href":"https:\/\/solutionmassage.com\/boutique\/wp-json\/wp\/v2\/product_brand?post=712"},{"taxonomy":"product_cat","embeddable":true,"href":"https:\/\/solutionmassage.com\/boutique\/wp-json\/wp\/v2\/product_cat?post=712"},{"taxonomy":"product_tag","embeddable":true,"href":"https:\/\/solutionmassage.com\/boutique\/wp-json\/wp\/v2\/product_tag?post=712"}],"curies":[{"name":"wp","href":"https:\/\/api.w.org\/{rel}","templated":true}]}}