{"id":697,"date":"2025-11-18T19:22:05","date_gmt":"2025-11-18T19:22:05","guid":{"rendered":"https:\/\/solutionmassage.com\/boutique\/?post_type=product&#038;p=697"},"modified":"2025-11-18T19:45:55","modified_gmt":"2025-11-18T19:45:55","slug":"synergie-citrus-supreme-biologique","status":"publish","type":"product","link":"https:\/\/solutionmassage.com\/boutique\/produit\/synergie-citrus-supreme-biologique\/","title":{"rendered":"Synergie Citrus Supreme Biologique"},"content":{"rendered":"<p>La Synergie Citrus Supreme est un m\u00e9lange synergique de nos huiles essentielles d&rsquo;agrumes. La fra\u00eecheur des huiles essentielles d&rsquo;orange, de citron, de pamplemousse et de citron vert combin\u00e9es offre un parfum d\u00e9licat et rafra\u00eechissant. Id\u00e9al pour cr\u00e9er une ambiance relaxante.<\/p>\n<p>La synergie d&rsquo;huiles essentielles Citrus Supreme est utilis\u00e9e en aromath\u00e9rapie pour soulager les sympt\u00f4mes associ\u00e9s \u00e0 l&rsquo;anxi\u00e9t\u00e9 l\u00e9g\u00e8re, la nervosit\u00e9 et l&rsquo;insomnie.<\/p>\n<p>Ajouter quelques gouttes dans un diffuseur, dans un bain en les diluant avec n&rsquo;importe quel produit moussant non parfum\u00e9 ou l\u00e9g\u00e8rement parfum\u00e9 (shampooing, gel douche, bain moussant\u2026) ou avec EMULSIUM, notre \u00e9mulsifiant qui est un dispersant des huiles essentielles dans l&rsquo;eau (parfait pour bain, brumes corporelles DIY et vaporisateurs d&rsquo;ambiance). Il peut \u00e9galement \u00eatre utilis\u00e9 pour la massoth\u00e9rapie en le diluant avec l&rsquo;une de nos huiles de support et de beaut\u00e9.<\/p>\n<p><strong>Important\u00a0: Lire la posologie ci-dessous.<\/strong><\/p>\n<div><\/div>\n<div><strong>Attention<\/strong>\u00a0: n&rsquo;ajoutez jamais d&rsquo;huiles essentielles directement dans l&rsquo;eau de votre bain, elles ne sont pas solubles dans l&rsquo;eau car les gouttes flotteront simplement sur l&rsquo;eau, cr\u00e9ant une couche superficielle d&rsquo;huile qui peut provoquer une irritation cutan\u00e9e. Pensez \u00e0 utiliser les huiles essentielles avec parcimonie car elles sont tr\u00e8s puissantes.<\/div>\n","protected":false},"excerpt":{"rendered":"<div>\n<p><strong>Am\u00e9liorez votre bien-\u00eatre avec ce m\u00e9lange de synergie d&rsquo;huiles essentielles\u00a0!<\/strong><\/p>\n<\/div>\n<div>\n<p><strong>Sp\u00e9cialement formul\u00e9 pour obtenir des r\u00e9sultats optimaux pour la diffusion, le bain et le massage.<\/strong><\/p>\n<\/div>\n","protected":false},"featured_media":707,"template":"","meta":{"_acf_changed":false},"product_brand":[69],"product_cat":[68],"product_tag":[],"class_list":{"0":"post-697","1":"product","2":"type-product","3":"status-publish","4":"has-post-thumbnail","6":"product_brand-divine-essence","7":"product_cat-huiles-essentielles","8":"pa_format-30-ml","9":"pa_format-15ml","11":"first","12":"instock","13":"sale","14":"taxable","15":"shipping-taxable","16":"purchasable","17":"product-type-variable","18":"has-default-attributes"},"acf":[],"_links":{"self":[{"href":"https:\/\/solutionmassage.com\/boutique\/wp-json\/wp\/v2\/product\/697","targetHints":{"allow":["GET"]}}],"collection":[{"href":"https:\/\/solutionmassage.com\/boutique\/wp-json\/wp\/v2\/product"}],"about":[{"href":"https:\/\/solutionmassage.com\/boutique\/wp-json\/wp\/v2\/types\/product"}],"wp:featuredmedia":[{"embeddable":true,"href":"https:\/\/solutionmassage.com\/boutique\/wp-json\/wp\/v2\/media\/707"}],"wp:attachment":[{"href":"https:\/\/solutionmassage.com\/boutique\/wp-json\/wp\/v2\/media?parent=697"}],"wp:term":[{"taxonomy":"product_brand","embeddable":true,"href":"https:\/\/solutionmassage.com\/boutique\/wp-json\/wp\/v2\/product_brand?post=697"},{"taxonomy":"product_cat","embeddable":true,"href":"https:\/\/solutionmassage.com\/boutique\/wp-json\/wp\/v2\/product_cat?post=697"},{"taxonomy":"product_tag","embeddable":true,"href":"https:\/\/solutionmassage.com\/boutique\/wp-json\/wp\/v2\/product_tag?post=697"}],"curies":[{"name":"wp","href":"https:\/\/api.w.org\/{rel}","templated":true}]}}