{"id":692,"date":"2025-11-18T10:43:27","date_gmt":"2025-11-18T10:43:27","guid":{"rendered":"https:\/\/solutionmassage.com\/boutique\/?post_type=product&#038;p=692"},"modified":"2026-03-04T16:58:03","modified_gmt":"2026-03-04T16:58:03","slug":"synergie-lavandula-supreme-biologique","status":"publish","type":"product","link":"https:\/\/solutionmassage.com\/boutique\/produit\/synergie-lavandula-supreme-biologique\/","title":{"rendered":"Synergie Lavandula Supreme Biologique"},"content":{"rendered":"<p>Pour le summum de la relaxation et du bien-\u00eatre, rien ne vaut notre Lavandula Supreme, une combinaison de nos huiles essentielles hybrides de lavande et de lavande qui agissent en synergie pour calmer les nerfs, soulager l&rsquo;irritabilit\u00e9 et l&rsquo;anxi\u00e9t\u00e9, favoriser le sommeil et soulager les maux de t\u00eate. Son parfum frais, fleuri et champ\u00eatre vous transporte au milieu d&rsquo;un champ de lavande par une chaude journ\u00e9e ensoleill\u00e9e.<\/p>\n<p>Le m\u00e9lange d&rsquo;huiles essentielles Lavandula Supreme est utilis\u00e9 en aromath\u00e9rapie pour aider \u00e0 soulager les maux de t\u00eate, la nervosit\u00e9, l&rsquo;irritabilit\u00e9 et l&rsquo;inqui\u00e9tude. Ce m\u00e9lange est \u00e9galement utilis\u00e9 comme somnif\u00e8re.<\/p>\n<p>Ajouter quelques gouttes dans un diffuseur, dans un bain en les diluant avec n&rsquo;importe quel produit moussant non parfum\u00e9 ou l\u00e9g\u00e8rement parfum\u00e9 (shampooing, gel douche, bain moussant\u2026) ou avec EMULSIUM, notre \u00e9mulsifiant qui est un dispersant des huiles essentielles dans l&rsquo;eau (parfait pour bain, brumes corporelles DIY et vaporisateurs d&rsquo;ambiance). Il peut \u00e9galement \u00eatre utilis\u00e9 pour la massoth\u00e9rapie en le diluant avec l&rsquo;une de nos huiles de support et de beaut\u00e9.<\/p>\n<p><strong>Important\u00a0: Lire la posologie ci-dessous.<\/strong><\/p>\n","protected":false},"excerpt":{"rendered":"<div>\n<p><strong>Am\u00e9liorez votre bien-\u00eatre avec ce m\u00e9lange de synergie d&rsquo;huiles essentielles\u00a0!<\/strong><\/p>\n<\/div>\n<div>\n<p><strong>Sp\u00e9cialement formul\u00e9 pour obtenir des r\u00e9sultats optimaux pour la diffusion, le bain et le massage.<\/strong><\/p>\n<\/div>\n","protected":false},"featured_media":695,"template":"","meta":{"_acf_changed":false},"product_brand":[69],"product_cat":[68],"product_tag":[],"class_list":{"0":"post-692","1":"product","2":"type-product","3":"status-publish","4":"has-post-thumbnail","6":"product_brand-divine-essence","7":"product_cat-huiles-essentielles","8":"pa_format-100ml","9":"pa_format-15ml","11":"first","12":"instock","13":"taxable","14":"shipping-taxable","15":"purchasable","16":"product-type-simple"},"acf":[],"_links":{"self":[{"href":"https:\/\/solutionmassage.com\/boutique\/wp-json\/wp\/v2\/product\/692","targetHints":{"allow":["GET"]}}],"collection":[{"href":"https:\/\/solutionmassage.com\/boutique\/wp-json\/wp\/v2\/product"}],"about":[{"href":"https:\/\/solutionmassage.com\/boutique\/wp-json\/wp\/v2\/types\/product"}],"wp:featuredmedia":[{"embeddable":true,"href":"https:\/\/solutionmassage.com\/boutique\/wp-json\/wp\/v2\/media\/695"}],"wp:attachment":[{"href":"https:\/\/solutionmassage.com\/boutique\/wp-json\/wp\/v2\/media?parent=692"}],"wp:term":[{"taxonomy":"product_brand","embeddable":true,"href":"https:\/\/solutionmassage.com\/boutique\/wp-json\/wp\/v2\/product_brand?post=692"},{"taxonomy":"product_cat","embeddable":true,"href":"https:\/\/solutionmassage.com\/boutique\/wp-json\/wp\/v2\/product_cat?post=692"},{"taxonomy":"product_tag","embeddable":true,"href":"https:\/\/solutionmassage.com\/boutique\/wp-json\/wp\/v2\/product_tag?post=692"}],"curies":[{"name":"wp","href":"https:\/\/api.w.org\/{rel}","templated":true}]}}