{"id":685,"date":"2025-11-17T20:34:42","date_gmt":"2025-11-17T20:34:42","guid":{"rendered":"https:\/\/solutionmassage.com\/boutique\/?post_type=product&#038;p=685"},"modified":"2025-11-18T19:51:46","modified_gmt":"2025-11-18T19:51:46","slug":"lavandin-super-biologique","status":"publish","type":"product","link":"https:\/\/solutionmassage.com\/boutique\/produit\/lavandin-super-biologique\/","title":{"rendered":"Lavandin Super Biologique"},"content":{"rendered":"<h2 class=\"ff-heading fs-heading-5-base\">Histoire<\/h2>\n<div id=\"accordion-content-accordion-3\" class=\"accordion__content fs-body-100 rte non-page-rte measure\" aria-hidden=\"false\">\n<div class=\"metafield-rich_text_field\">\n<p>Le Lavandin est une esp\u00e8ce hydride entre deux esp\u00e8ces de Lavande, Lavandula vera et Lavandula latifolia, son profil aromatique est proche de celui de Lavandula vera, mais davantage camphr\u00e9e. Il existe quatre sortes de Lavandin en Provence, le Super, le Grosso, le Sumian, et l\u2019Abrial. Le Lavandin trouve son terrain de pr\u00e9dilection sur le plateau de Valensole dans les Alpes-de-Haute-Provence, o\u00f9 sa culture est intensive. Sa fleur est tr\u00e8s productive en huile essentielle. Leurs propri\u00e9t\u00e9s sont tr\u00e8s voisines de celles des autres lavandes, l\u2019odeur diff\u00e8re en fonction des vari\u00e9t\u00e9s, des esp\u00e8ces et des lieux de plantation.<\/p>\n<\/div>\n<\/div>\n","protected":false},"excerpt":{"rendered":"<p>L&rsquo;huile essentielle de Lavandin Super (<em>Lavandula hybrid super)<\/em>\u00a0est utilis\u00e9e en aromath\u00e9rapie\u00a0comme calmant nerveux ainsi que pour aider \u00e0 soulager les maux de t\u00eate.<\/p>\n<p>Huile essentielle biologique et ch\u00e9motyp\u00e9e, 100% pure, naturelle et authentique.<\/p>\n","protected":false},"featured_media":690,"template":"","meta":{"_acf_changed":false},"product_brand":[69],"product_cat":[68],"product_tag":[],"class_list":{"0":"post-685","1":"product","2":"type-product","3":"status-publish","4":"has-post-thumbnail","6":"product_brand-divine-essence","7":"product_cat-huiles-essentielles","8":"pa_format-100ml","9":"pa_format-15ml","11":"first","12":"instock","13":"sale","14":"taxable","15":"shipping-taxable","16":"purchasable","17":"product-type-variable"},"acf":[],"_links":{"self":[{"href":"https:\/\/solutionmassage.com\/boutique\/wp-json\/wp\/v2\/product\/685","targetHints":{"allow":["GET"]}}],"collection":[{"href":"https:\/\/solutionmassage.com\/boutique\/wp-json\/wp\/v2\/product"}],"about":[{"href":"https:\/\/solutionmassage.com\/boutique\/wp-json\/wp\/v2\/types\/product"}],"wp:featuredmedia":[{"embeddable":true,"href":"https:\/\/solutionmassage.com\/boutique\/wp-json\/wp\/v2\/media\/690"}],"wp:attachment":[{"href":"https:\/\/solutionmassage.com\/boutique\/wp-json\/wp\/v2\/media?parent=685"}],"wp:term":[{"taxonomy":"product_brand","embeddable":true,"href":"https:\/\/solutionmassage.com\/boutique\/wp-json\/wp\/v2\/product_brand?post=685"},{"taxonomy":"product_cat","embeddable":true,"href":"https:\/\/solutionmassage.com\/boutique\/wp-json\/wp\/v2\/product_cat?post=685"},{"taxonomy":"product_tag","embeddable":true,"href":"https:\/\/solutionmassage.com\/boutique\/wp-json\/wp\/v2\/product_tag?post=685"}],"curies":[{"name":"wp","href":"https:\/\/api.w.org\/{rel}","templated":true}]}}