{"id":678,"date":"2025-11-17T20:17:26","date_gmt":"2025-11-17T20:17:26","guid":{"rendered":"https:\/\/solutionmassage.com\/boutique\/?post_type=product&#038;p=678"},"modified":"2025-11-18T19:53:47","modified_gmt":"2025-11-18T19:53:47","slug":"romarin-type-cineole-biologique","status":"publish","type":"product","link":"https:\/\/solutionmassage.com\/boutique\/produit\/romarin-type-cineole-biologique\/","title":{"rendered":"Romarin Type Cin\u00e9ole Biologique"},"content":{"rendered":"<h2 class=\"ff-heading fs-heading-5-base\">Histoire<\/h2>\n<div class=\"accordion__label-icons\">Arbuste typique des garrigues, bosquets et rocailles du littoral m\u00e9diterran\u00e9en, le romarin est une plante aromatique couramment utilis\u00e9e en cuisine. En aromath\u00e9rapie, il existe de nombreux ch\u00e9motypes d\u2019huile essentielle de romarin. Le type cin\u00e9ol est un tonique mental qui aide \u00e0 soulager la fatigue g\u00e9n\u00e9rale et l&rsquo;\u00e9puisement, un peu comme l&rsquo;eucalyptus radiata et le ravintsara.<\/div>\n","protected":false},"excerpt":{"rendered":"<p>L&rsquo;huile essentielle de Romarin Type Cin\u00e9ole est utilis\u00e9e en aromath\u00e9rapie pour aider \u00e0 soulager les sympt\u00f4mes du rhume et de la toux.<\/p>\n<p>Huile essentielle bio et ch\u00e9motyp\u00e9e, 100% pure, naturelle et authentique.<\/p>\n","protected":false},"featured_media":681,"template":"","meta":{"_acf_changed":false},"product_brand":[69],"product_cat":[68],"product_tag":[],"class_list":{"0":"post-678","1":"product","2":"type-product","3":"status-publish","4":"has-post-thumbnail","6":"product_brand-divine-essence","7":"product_cat-huiles-essentielles","8":"pa_format-100ml","9":"pa_format-15ml","11":"first","12":"instock","13":"sale","14":"taxable","15":"shipping-taxable","16":"purchasable","17":"product-type-variable","18":"has-default-attributes"},"acf":[],"_links":{"self":[{"href":"https:\/\/solutionmassage.com\/boutique\/wp-json\/wp\/v2\/product\/678","targetHints":{"allow":["GET"]}}],"collection":[{"href":"https:\/\/solutionmassage.com\/boutique\/wp-json\/wp\/v2\/product"}],"about":[{"href":"https:\/\/solutionmassage.com\/boutique\/wp-json\/wp\/v2\/types\/product"}],"wp:featuredmedia":[{"embeddable":true,"href":"https:\/\/solutionmassage.com\/boutique\/wp-json\/wp\/v2\/media\/681"}],"wp:attachment":[{"href":"https:\/\/solutionmassage.com\/boutique\/wp-json\/wp\/v2\/media?parent=678"}],"wp:term":[{"taxonomy":"product_brand","embeddable":true,"href":"https:\/\/solutionmassage.com\/boutique\/wp-json\/wp\/v2\/product_brand?post=678"},{"taxonomy":"product_cat","embeddable":true,"href":"https:\/\/solutionmassage.com\/boutique\/wp-json\/wp\/v2\/product_cat?post=678"},{"taxonomy":"product_tag","embeddable":true,"href":"https:\/\/solutionmassage.com\/boutique\/wp-json\/wp\/v2\/product_tag?post=678"}],"curies":[{"name":"wp","href":"https:\/\/api.w.org\/{rel}","templated":true}]}}