{"id":670,"date":"2025-11-17T19:59:14","date_gmt":"2025-11-17T19:59:14","guid":{"rendered":"https:\/\/solutionmassage.com\/boutique\/?post_type=product&#038;p=670"},"modified":"2025-11-18T19:55:40","modified_gmt":"2025-11-18T19:55:40","slug":"romarin-type-camphre-biologique","status":"publish","type":"product","link":"https:\/\/solutionmassage.com\/boutique\/produit\/romarin-type-camphre-biologique\/","title":{"rendered":"Romarin Type Camphre Biologique"},"content":{"rendered":"<h2>Histoire<\/h2>\n<div id=\"accordion-content-accordion-3\" class=\"accordion__content fs-body-100 rte non-page-rte measure\" aria-hidden=\"false\">\n<div class=\"metafield-rich_text_field\">\n<p>Arbuste typique des garrigues, bosquets et rocailles du littoral m\u00e9diterran\u00e9en, le romarin est une plante aromatique couramment utilis\u00e9e en cuisine. En aromath\u00e9rapie, il existe de nombreux ch\u00e9motypes d\u2019huile essentielle de romarin.<\/p>\n<\/div>\n<\/div>\n","protected":false},"excerpt":{"rendered":"<p>L&rsquo;huile essentielle de Romarin Type Camphre est utilis\u00e9e en aromath\u00e9rapie pour soulager les douleurs musculaires et articulaires, ainsi que pour am\u00e9liorer la circulation sanguine.<\/p>\n<p>Huile essentielle bio et ch\u00e9motyp\u00e9e, 100% pure, naturelle et authentique.<\/p>\n","protected":false},"featured_media":673,"template":"","meta":{"_acf_changed":false},"product_brand":[69],"product_cat":[68],"product_tag":[],"class_list":{"0":"post-670","1":"product","2":"type-product","3":"status-publish","4":"has-post-thumbnail","6":"product_brand-divine-essence","7":"product_cat-huiles-essentielles","8":"pa_format-100ml","9":"pa_format-15ml","11":"first","12":"instock","13":"sale","14":"taxable","15":"shipping-taxable","16":"purchasable","17":"product-type-variable","18":"has-default-attributes"},"acf":[],"_links":{"self":[{"href":"https:\/\/solutionmassage.com\/boutique\/wp-json\/wp\/v2\/product\/670","targetHints":{"allow":["GET"]}}],"collection":[{"href":"https:\/\/solutionmassage.com\/boutique\/wp-json\/wp\/v2\/product"}],"about":[{"href":"https:\/\/solutionmassage.com\/boutique\/wp-json\/wp\/v2\/types\/product"}],"wp:featuredmedia":[{"embeddable":true,"href":"https:\/\/solutionmassage.com\/boutique\/wp-json\/wp\/v2\/media\/673"}],"wp:attachment":[{"href":"https:\/\/solutionmassage.com\/boutique\/wp-json\/wp\/v2\/media?parent=670"}],"wp:term":[{"taxonomy":"product_brand","embeddable":true,"href":"https:\/\/solutionmassage.com\/boutique\/wp-json\/wp\/v2\/product_brand?post=670"},{"taxonomy":"product_cat","embeddable":true,"href":"https:\/\/solutionmassage.com\/boutique\/wp-json\/wp\/v2\/product_cat?post=670"},{"taxonomy":"product_tag","embeddable":true,"href":"https:\/\/solutionmassage.com\/boutique\/wp-json\/wp\/v2\/product_tag?post=670"}],"curies":[{"name":"wp","href":"https:\/\/api.w.org\/{rel}","templated":true}]}}