{"id":661,"date":"2025-11-17T19:43:38","date_gmt":"2025-11-17T19:43:38","guid":{"rendered":"https:\/\/solutionmassage.com\/boutique\/?post_type=product&#038;p=661"},"modified":"2025-11-17T19:44:54","modified_gmt":"2025-11-17T19:44:54","slug":"ensemble-de-vacuotherapie-procup-fibro","status":"publish","type":"product","link":"https:\/\/solutionmassage.com\/boutique\/produit\/ensemble-de-vacuotherapie-procup-fibro\/","title":{"rendered":"Ensemble de vacuoth\u00e9rapie PROCup Fibro"},"content":{"rendered":"<p><strong>Indications g\u00e9n\u00e9rales pour l&rsquo;ensemble PROCup Fibro :<\/strong><\/p>\n<ul>\n<li>Aide \u00e0 la d\u00e9congestion tissulaire<\/li>\n<li>Am\u00e9liore la circulation<\/li>\n<li>Stimule le drainage lymphatique (d\u00e9sintoxication)<\/li>\n<li>Am\u00e9liore la performance athl\u00e9tique et soulage les blessures sportives<\/li>\n<li>Am\u00e9liore la fonction digestive<\/li>\n<li>Soulage les crampes<\/li>\n<li>Aide \u00e0 r\u00e9duire le stress, la fatigue et l\u2019anxi\u00e9t\u00e9<\/li>\n<li>Am\u00e9liore le sommeil<\/li>\n<li>R\u00e9duis visiblement la cellulite, sculpte et assure une tonification corporelle<\/li>\n<\/ul>\n<p><strong>L\u2019utilisation pour le visage, yeux &amp; d\u00e9collet\u00e9 :<\/strong><\/p>\n<ul>\n<li>Stimule la production de collag\u00e8ne et l\u2019\u00e9lasticit\u00e9<\/li>\n<li>R\u00e9duis visiblement les ridules et les rides<\/li>\n<li>Augmente l\u2019efficacit\u00e9 des produits de soins de la peau<\/li>\n<li>Raffermit le menton, le cou et d\u00e9collet\u00e9<\/li>\n<li>R\u00e9duis les cicatrices, l\u2019exc\u00e8s d\u2019huile et la taille des pores de la peau<\/li>\n<li>Aide \u00e0 \u00e9liminer la lymphe et \u00e0 promouvoir la sant\u00e9 des seins<\/li>\n<li>Relaxe la tension des muscles faciaux<\/li>\n<li>R\u00e9duis les poches sous les yeux et r\u00e9veille les yeux fatigu\u00e9s<\/li>\n<\/ul>\n<p><strong>Aide \u00e0 soulager :<\/strong><\/p>\n<ul>\n<li>\u0152d\u00e8mes<\/li>\n<li>Inflammations<\/li>\n<li>Douleurs tissulaires<\/li>\n<li>Cellulite douloureuse et vergetures<\/li>\n<li>Fibromyalgie<\/li>\n<li>Maux de t\u00eate<\/li>\n<li>Congestion des sinus<\/li>\n<li>Congestion bronchique<\/li>\n<\/ul>\n<p>Pour l\u2019utilisation statique et dynamique<\/p>\n<p>La trousse PROCup Fibre contient:<\/p>\n<ul>\n<li>4 ventouses de diff\u00e9rents volumes<\/li>\n<li>Guide d\u2019utilisation<\/li>\n<\/ul>\n<h2>Mise en garde<\/h2>\n<p><strong>Effets secondaires possibles:<\/strong>Des rougeurs temporaires, des picotements ou des d\u00e9mangeaisons peuvent \u00eatre possibles, mais g\u00e9n\u00e9ralement normales en raison de la vascularit\u00e9 accrue de la zone trait\u00e9e. Ces effets dispara\u00eetront peu apr\u00e8s le traitement\/massage.<\/p>\n<p><strong>NE PAS<\/strong>\u00a0laisser la ventouse sur votre visage en position statique car des ecchymoses temporaires peuvent se produire. Pour \u00e9viter les ecchymoses, garder votre ventouse en mouvement en tout temps.<\/p>\n<p><strong>Mise en garde :\u00a0<\/strong>Ne jamais chauffer les ventouses. \u00a0Ne pas les faire bouillir ou mettre dans le four \u00e0 micro-ondes. Ne pas utiliser directement sur des huiles essentielles pures. Tenir loin de la port\u00e9e des enfants.<\/p>\n<p><em>* Ce produit n&rsquo;est pas destin\u00e9 \u00e0 diagnostiquer, pr\u00e9venir, traiter ou gu\u00e9rir des maladies, des troubles m\u00e9taboliques ou des probl\u00e8mes de sant\u00e9.<\/em><\/p>\n","protected":false},"excerpt":{"rendered":"<p>PROCup Fibro est un ensemble de ventouses de diff\u00e9rents volumes d\u2019aspiration pour usage professionnel et personnel.<\/p>\n","protected":false},"featured_media":666,"template":"","meta":{"_acf_changed":false},"product_brand":[67],"product_cat":[],"product_tag":[],"class_list":{"0":"post-661","1":"product","2":"type-product","3":"status-publish","4":"has-post-thumbnail","6":"product_brand-procup","8":"first","9":"instock","10":"taxable","11":"shipping-taxable","12":"purchasable","13":"product-type-simple"},"acf":[],"_links":{"self":[{"href":"https:\/\/solutionmassage.com\/boutique\/wp-json\/wp\/v2\/product\/661","targetHints":{"allow":["GET"]}}],"collection":[{"href":"https:\/\/solutionmassage.com\/boutique\/wp-json\/wp\/v2\/product"}],"about":[{"href":"https:\/\/solutionmassage.com\/boutique\/wp-json\/wp\/v2\/types\/product"}],"wp:featuredmedia":[{"embeddable":true,"href":"https:\/\/solutionmassage.com\/boutique\/wp-json\/wp\/v2\/media\/666"}],"wp:attachment":[{"href":"https:\/\/solutionmassage.com\/boutique\/wp-json\/wp\/v2\/media?parent=661"}],"wp:term":[{"taxonomy":"product_brand","embeddable":true,"href":"https:\/\/solutionmassage.com\/boutique\/wp-json\/wp\/v2\/product_brand?post=661"},{"taxonomy":"product_cat","embeddable":true,"href":"https:\/\/solutionmassage.com\/boutique\/wp-json\/wp\/v2\/product_cat?post=661"},{"taxonomy":"product_tag","embeddable":true,"href":"https:\/\/solutionmassage.com\/boutique\/wp-json\/wp\/v2\/product_tag?post=661"}],"curies":[{"name":"wp","href":"https:\/\/api.w.org\/{rel}","templated":true}]}}