{"id":612,"date":"2025-10-22T14:26:12","date_gmt":"2025-10-22T14:26:12","guid":{"rendered":"https:\/\/solutionmassage.com\/boutique\/?post_type=product&#038;p=612"},"modified":"2026-03-28T00:06:42","modified_gmt":"2026-03-28T00:06:42","slug":"orthorub-pro-avance","status":"publish","type":"product","link":"https:\/\/solutionmassage.com\/boutique\/produit\/orthorub-pro-avance\/","title":{"rendered":"OrthoRub Pro Avanc\u00e9"},"content":{"rendered":"<p><strong>Nouvelle odeur, effets prolong\u00e9s :\u00a0<\/strong><\/p>\n<p>Une fra\u00eecheur r\u00e9confortante et apaisante que vous allez adorer! L&rsquo;odeur est diff\u00e9rente de la version pr\u00e9c\u00e9dente, tout en \u00e9tant plus agr\u00e9able et efficace. Le camphre d\u00e9gage une odeur r\u00e9confortante et p\u00e9n\u00e9trante, souvent d\u00e9crite comme fra\u00eeche, l\u00e9g\u00e8rement m\u00e9dicinale et menthol\u00e9e. Elle \u00e9voque parfois des notes bois\u00e9es ou r\u00e9sineuses, offrant des propri\u00e9t\u00e9s apaisantes et d\u00e9congestionnantes. Vous l\u2019aimerez sans aucun doute!<\/p>\n<p><strong>Qu&rsquo;est-ce qui rend cette version si sp\u00e9ciale?<\/strong><\/p>\n<p>Deux nouveaux ingr\u00e9dients (camphre et girofle) ont \u00e9t\u00e9 ajout\u00e9s \u00e0 notre formule pour une performance encore plus optimale. En plus des actifs reconnus comme le camphre, le menthol, l\u2019eucalyptol et l\u2019huile essentielle de girofle, cette nouvelle composition renforce ses effets d\u00e9congestionnants et apaisants.\u00a0<span data-teams=\"true\"><span dir=\"ltr\">Le girofle est reconnu pour ces bienfaits analg\u00e9siques et anti-inflammatoires.<\/span><\/span><\/p>\n","protected":false},"excerpt":{"rendered":"<p><strong>L\u2019OrthoRub Pro Avanc\u00e9<\/strong>\u00a0est un onguent \u00e0 action rapide et p\u00e9n\u00e9trante. D&rsquo;abord, il offre une douce sensation de chaleur. Ensuite, gr\u00e2ce \u00e0 sa formule enrichie en camphre, menthol, eucalyptol et huile essentielle de girofle, favorisent la d\u00e9congestion nasale et procure une douce sensation rafra\u00eechissante.<\/p>\n<p><strong>L\u2019OrthoRub Pro Avanc\u00e9\u00a0<\/strong>soulage temporairement les douleurs et les courbatures musculaires et articulaires li\u00e9es \u00e0 divers maux : maux de dos, lumbago, contusions, foulures ou entorses (affectant muscles, tendons ou ligaments), ainsi que douleurs arthritiques.<\/p>\n<p>Il est bien tol\u00e9r\u00e9 par la peau, p\u00e9n\u00e8tre facilement, ne tache pas, et offre une odeur agr\u00e9able.<\/p>\n<p><strong>IMPORTANT :<\/strong>\u00a0Bien laver les mains avec du savon apr\u00e8s l\u2019application.<\/p>\n","protected":false},"featured_media":618,"template":"","meta":{"_acf_changed":false},"product_brand":[65],"product_cat":[25],"product_tag":[94,84],"class_list":{"0":"post-612","1":"product","2":"type-product","3":"status-publish","4":"has-post-thumbnail","6":"product_brand-orthocure","7":"product_cat-rubefiant","8":"product_tag-orthocure","9":"product_tag-rubefiant","10":"pa_format-100ml","11":"pa_format-400ml","13":"first","14":"instock","15":"taxable","16":"shipping-taxable","17":"purchasable","18":"product-type-variable","19":"has-default-attributes"},"acf":[],"_links":{"self":[{"href":"https:\/\/solutionmassage.com\/boutique\/wp-json\/wp\/v2\/product\/612","targetHints":{"allow":["GET"]}}],"collection":[{"href":"https:\/\/solutionmassage.com\/boutique\/wp-json\/wp\/v2\/product"}],"about":[{"href":"https:\/\/solutionmassage.com\/boutique\/wp-json\/wp\/v2\/types\/product"}],"wp:featuredmedia":[{"embeddable":true,"href":"https:\/\/solutionmassage.com\/boutique\/wp-json\/wp\/v2\/media\/618"}],"wp:attachment":[{"href":"https:\/\/solutionmassage.com\/boutique\/wp-json\/wp\/v2\/media?parent=612"}],"wp:term":[{"taxonomy":"product_brand","embeddable":true,"href":"https:\/\/solutionmassage.com\/boutique\/wp-json\/wp\/v2\/product_brand?post=612"},{"taxonomy":"product_cat","embeddable":true,"href":"https:\/\/solutionmassage.com\/boutique\/wp-json\/wp\/v2\/product_cat?post=612"},{"taxonomy":"product_tag","embeddable":true,"href":"https:\/\/solutionmassage.com\/boutique\/wp-json\/wp\/v2\/product_tag?post=612"}],"curies":[{"name":"wp","href":"https:\/\/api.w.org\/{rel}","templated":true}]}}