{"id":433,"date":"2025-07-10T13:38:26","date_gmt":"2025-07-10T13:38:26","guid":{"rendered":"https:\/\/solutionmassage.com\/boutique\/?post_type=product&#038;p=433"},"modified":"2026-04-10T14:58:32","modified_gmt":"2026-04-10T14:58:32","slug":"gel-beaute-jambes","status":"publish","type":"product","link":"https:\/\/solutionmassage.com\/boutique\/produit\/gel-beaute-jambes\/","title":{"rendered":"Gel Beaut\u00e9 des Jambes"},"content":{"rendered":"<h3>GEL BEAUT\u00c9 DES JAMBES<\/h3>\n<p>Un gel rafra\u00eechissant fort appr\u00e9ci\u00e9 pour la douceur, la beaut\u00e9 et la tonicit\u00e9 des jambes et des cuisses.<\/p>\n<h3>Qualit\u00e9s<\/h3>\n<p>\u2013 Sensation de fra\u00eecheur et de l\u00e9g\u00e8ret\u00e9<\/p>\n<p>\u2013 L\u00e9ger, fluide et non collant<\/p>\n<p>\u2013 Beaut\u00e9 et tonicit\u00e9 des jambes<\/p>\n<p>\u2013 Apaisant<\/p>\n<h3>Tr\u00e8s appr\u00e9ci\u00e9 pour les besoins suivants<\/h3>\n<p>\u2013 Jambes lourdes<\/p>\n<p>\u2013 Cellulite et peau d\u2019orange<\/p>\n<p>\u2013 Travail debout prolong\u00e9 (serveuse, agent de bord, vendeuse, commis, etc.)<\/p>\n<p>\u2013 Lotion apr\u00e8s le rasage<\/p>\n<p>\u2013 Tr\u00e8s apaisant apr\u00e8s la course \u00e0 pied ou une activit\u00e9 de marche prolong\u00e9e<\/p>\n","protected":false},"excerpt":{"rendered":"<div class=\"woocommerce-product-details__short-description\">Un gel rafra\u00eechissant fort appr\u00e9ci\u00e9 pour la douceur, la beaut\u00e9 et la tonicit\u00e9 des jambes et des cuisses.<\/div>\n","protected":false},"featured_media":434,"template":"","meta":{"_acf_changed":false},"product_brand":[66],"product_cat":[28],"product_tag":[95],"class_list":{"0":"post-433","1":"product","2":"type-product","3":"status-publish","4":"has-post-thumbnail","6":"product_brand-lherbier","7":"product_cat-gels","8":"product_tag-gel","9":"pa_format-100ml","10":"pa_format-250ml","12":"first","13":"instock","14":"taxable","15":"shipping-taxable","16":"purchasable","17":"product-type-variable","18":"has-default-attributes"},"acf":[],"_links":{"self":[{"href":"https:\/\/solutionmassage.com\/boutique\/wp-json\/wp\/v2\/product\/433","targetHints":{"allow":["GET"]}}],"collection":[{"href":"https:\/\/solutionmassage.com\/boutique\/wp-json\/wp\/v2\/product"}],"about":[{"href":"https:\/\/solutionmassage.com\/boutique\/wp-json\/wp\/v2\/types\/product"}],"wp:featuredmedia":[{"embeddable":true,"href":"https:\/\/solutionmassage.com\/boutique\/wp-json\/wp\/v2\/media\/434"}],"wp:attachment":[{"href":"https:\/\/solutionmassage.com\/boutique\/wp-json\/wp\/v2\/media?parent=433"}],"wp:term":[{"taxonomy":"product_brand","embeddable":true,"href":"https:\/\/solutionmassage.com\/boutique\/wp-json\/wp\/v2\/product_brand?post=433"},{"taxonomy":"product_cat","embeddable":true,"href":"https:\/\/solutionmassage.com\/boutique\/wp-json\/wp\/v2\/product_cat?post=433"},{"taxonomy":"product_tag","embeddable":true,"href":"https:\/\/solutionmassage.com\/boutique\/wp-json\/wp\/v2\/product_tag?post=433"}],"curies":[{"name":"wp","href":"https:\/\/api.w.org\/{rel}","templated":true}]}}