{"id":426,"date":"2025-07-10T13:32:15","date_gmt":"2025-07-10T13:32:15","guid":{"rendered":"https:\/\/solutionmassage.com\/boutique\/?post_type=product&#038;p=426"},"modified":"2026-04-10T14:18:38","modified_gmt":"2026-04-10T14:18:38","slug":"biogel-gel-massage-detox","status":"publish","type":"product","link":"https:\/\/solutionmassage.com\/boutique\/produit\/biogel-gel-massage-detox\/","title":{"rendered":"Biogel \u2013 Gel de Massage D\u00e9tox"},"content":{"rendered":"<h3>BIOGEL<\/h3>\n<p>Gel de Massage D\u00e9tox<\/p>\n<p>Produits de massage professionnels purs et naturels sp\u00e9cialement con\u00e7us pour la massoth\u00e9rapie, les centres de sant\u00e9, spas et autres centres de soins sp\u00e9cialis\u00e9s. Une exp\u00e9rience de massage naturelle, sensorielle et<\/p>\n<p>th\u00e9rapeutique!<\/p>\n<h3>Qualit\u00e9s<\/h3>\n<p>\u2013 Texture douce, soyeuse et non collante<\/p>\n<p>\u2013 Drainage et purification<\/p>\n<p>\u2013 Douceur et souplesse du massage<\/p>\n<p>\u2013 Hydratation et fluidit\u00e9<\/p>\n<h3>Tr\u00e8s appr\u00e9ci\u00e9 pour les besoins suivants<\/h3>\n<p>\u2013 Fatigue, manque de vitalit\u00e9<\/p>\n<p>\u2013 Jambes lourdes<\/p>\n<p>\u2013 Cellulite et peau d\u2019orange<\/p>\n<p>\u2013 Engorgement et r\u00e9tention d\u2019eau<\/p>\n<p>\u2013 Pour un bon m\u00e9nage du printemps<\/p>\n<p>\u2013 Tr\u00e8s appr\u00e9ci\u00e9 avec les ventouses pour le massage de la cellulite, des adh\u00e9rences ou des engorgements<\/p>\n","protected":false},"excerpt":{"rendered":"<div class=\"woocommerce-product-details__short-description\">Produits de massage professionnels purs et naturels sp\u00e9cialement con\u00e7us pour la massoth\u00e9rapie, les centres de sant\u00e9, spas et autres centres de soins sp\u00e9cialis\u00e9s. Une exp\u00e9rience de massage naturelle, sensorielle et th\u00e9rapeutique!<\/div>\n","protected":false},"featured_media":427,"template":"","meta":{"_acf_changed":false},"product_brand":[66],"product_cat":[28],"product_tag":[95],"class_list":{"0":"post-426","1":"product","2":"type-product","3":"status-publish","4":"has-post-thumbnail","6":"product_brand-lherbier","7":"product_cat-gels","8":"product_tag-gel","9":"pa_format-250ml","10":"pa_format-15ml","12":"first","13":"instock","14":"taxable","15":"shipping-taxable","16":"purchasable","17":"product-type-variable","18":"has-default-attributes"},"acf":[],"_links":{"self":[{"href":"https:\/\/solutionmassage.com\/boutique\/wp-json\/wp\/v2\/product\/426","targetHints":{"allow":["GET"]}}],"collection":[{"href":"https:\/\/solutionmassage.com\/boutique\/wp-json\/wp\/v2\/product"}],"about":[{"href":"https:\/\/solutionmassage.com\/boutique\/wp-json\/wp\/v2\/types\/product"}],"wp:featuredmedia":[{"embeddable":true,"href":"https:\/\/solutionmassage.com\/boutique\/wp-json\/wp\/v2\/media\/427"}],"wp:attachment":[{"href":"https:\/\/solutionmassage.com\/boutique\/wp-json\/wp\/v2\/media?parent=426"}],"wp:term":[{"taxonomy":"product_brand","embeddable":true,"href":"https:\/\/solutionmassage.com\/boutique\/wp-json\/wp\/v2\/product_brand?post=426"},{"taxonomy":"product_cat","embeddable":true,"href":"https:\/\/solutionmassage.com\/boutique\/wp-json\/wp\/v2\/product_cat?post=426"},{"taxonomy":"product_tag","embeddable":true,"href":"https:\/\/solutionmassage.com\/boutique\/wp-json\/wp\/v2\/product_tag?post=426"}],"curies":[{"name":"wp","href":"https:\/\/api.w.org\/{rel}","templated":true}]}}