{"id":411,"date":"2025-07-10T13:19:50","date_gmt":"2025-07-10T13:19:50","guid":{"rendered":"https:\/\/solutionmassage.com\/boutique\/?post_type=product&#038;p=411"},"modified":"2026-04-10T14:17:36","modified_gmt":"2026-04-10T14:17:36","slug":"biogel-gel-massage-crystal","status":"publish","type":"product","link":"https:\/\/solutionmassage.com\/boutique\/produit\/biogel-gel-massage-crystal\/","title":{"rendered":"Biogel \u2013 Gel de Massage Crystal"},"content":{"rendered":"<h3>GEL DE MASSAGE CRYSTAL<\/h3>\n<p><strong><em>BIOGEL CRYSTAL\u00a0<\/em><\/strong>vous offre une exp\u00e9rience kinesth\u00e9sique optimale. Une formulation cristalline, pure, naturelle, l\u00e9g\u00e8re et fluide \u00e0 base d\u2019huiles s\u00e8ches<\/p>\n<p>bio v\u00e9g\u00e9tales vous offrant une glisse optimale tout en laissant la peau douce et soyeuse sans sensation de film gras.<\/p>\n<p>Pour les professionnels de la massoth\u00e9rapie et autres th\u00e9rapies corporelles.<\/p>\n<h3>Qualit\u00e9s<\/h3>\n<ul>\n<li>Doux et naturel \u00e0 100\u00a0%<\/li>\n<li>Texture douce, soyeuse et non collante<\/li>\n<li>Profondeur et souplesse du massage<\/li>\n<li>Incolore facilitant le nettoyage des draps<\/li>\n<li>Fra\u00eecheur et douce sensation de puret\u00e9<\/li>\n<\/ul>\n<h3>Tr\u00e8s appr\u00e9ci\u00e9 pour les besoins suivants<\/h3>\n<ul>\n<li>Pour le massage global ou sp\u00e9cifique du corps et du visage<\/li>\n<li>En compl\u00e9ment au sucre ou sel pour l\u2019exfoliation et les soins du corps<\/li>\n<li>Base neutre pouvant \u00eatre associ\u00e9e \u00e0 une ou plusieurs huiles essentielles<\/li>\n<\/ul>\n","protected":false},"excerpt":{"rendered":"<div class=\"woocommerce-product-details__short-description\">BIOGEL CRYSTAL vous offre une exp\u00e9rience kinesth\u00e9sique optimale. Une formulation cristalline, pure, naturelle, l\u00e9g\u00e8re et fluide \u00e0 base d\u2019huiles s\u00e8ches bio v\u00e9g\u00e9tales vous offrant une glisse optimale tout en laissant la peau douce et soyeuse sans sensation de film gras.\u00a0 Pour les professionnels de la massoth\u00e9rapie et autres th\u00e9rapies corporelles.<\/div>\n","protected":false},"featured_media":412,"template":"","meta":{"_acf_changed":false},"product_brand":[66],"product_cat":[28],"product_tag":[95],"class_list":{"0":"post-411","1":"product","2":"type-product","3":"status-publish","4":"has-post-thumbnail","6":"product_brand-lherbier","7":"product_cat-gels","8":"product_tag-gel","9":"pa_format-250ml","10":"pa_format-1l","11":"pa_format-4l","12":"pa_format-15ml","14":"first","15":"instock","16":"taxable","17":"shipping-taxable","18":"purchasable","19":"product-type-variable","20":"has-default-attributes"},"acf":[],"_links":{"self":[{"href":"https:\/\/solutionmassage.com\/boutique\/wp-json\/wp\/v2\/product\/411","targetHints":{"allow":["GET"]}}],"collection":[{"href":"https:\/\/solutionmassage.com\/boutique\/wp-json\/wp\/v2\/product"}],"about":[{"href":"https:\/\/solutionmassage.com\/boutique\/wp-json\/wp\/v2\/types\/product"}],"wp:featuredmedia":[{"embeddable":true,"href":"https:\/\/solutionmassage.com\/boutique\/wp-json\/wp\/v2\/media\/412"}],"wp:attachment":[{"href":"https:\/\/solutionmassage.com\/boutique\/wp-json\/wp\/v2\/media?parent=411"}],"wp:term":[{"taxonomy":"product_brand","embeddable":true,"href":"https:\/\/solutionmassage.com\/boutique\/wp-json\/wp\/v2\/product_brand?post=411"},{"taxonomy":"product_cat","embeddable":true,"href":"https:\/\/solutionmassage.com\/boutique\/wp-json\/wp\/v2\/product_cat?post=411"},{"taxonomy":"product_tag","embeddable":true,"href":"https:\/\/solutionmassage.com\/boutique\/wp-json\/wp\/v2\/product_tag?post=411"}],"curies":[{"name":"wp","href":"https:\/\/api.w.org\/{rel}","templated":true}]}}