{"id":398,"date":"2025-07-10T13:12:48","date_gmt":"2025-07-10T13:12:48","guid":{"rendered":"https:\/\/solutionmassage.com\/boutique\/?post_type=product&#038;p=398"},"modified":"2026-04-10T14:53:22","modified_gmt":"2026-04-10T14:53:22","slug":"creme-nettoyant-demaquillant-lime-plantes","status":"publish","type":"product","link":"https:\/\/solutionmassage.com\/boutique\/produit\/creme-nettoyant-demaquillant-lime-plantes\/","title":{"rendered":"La Cr\u00e8me \u2013 Nettoyant et D\u00e9maquillant \u2013 Lime et Plantes"},"content":{"rendered":"<p>Nettoyant D\u00e9maquillant Lime et Plantes<\/p>\n<p>Combin\u00e9e au soin quotidien de votre visage, cette douce cr\u00e8me nettoyante vous offre le meilleur des plantes; leur fra\u00eecheur et leur d\u00e9licatesse purifient naturellement et laissent la peau saine et rayonnante.<\/p>\n<h3>Qualit\u00e9s<\/h3>\n<p>\u2013 Beaut\u00e9, \u00e9quilibre et maintien du teint<\/p>\n<p>\u2013 Purification des pores de la peau<\/p>\n<p>\u2013 Nettoyage des impuret\u00e9s et du maquillage<\/p>\n<p>\u2013 Contient des plantes purifiantes infus\u00e9es, dont du pissenlit, de la saponaire et de l\u2019huile essentielle pure de lime<\/p>\n<h3>Tr\u00e8s appr\u00e9ci\u00e9 pour les besoins suivants<\/h3>\n<p>\u2013 Pour un entretien quotidien de la peau<\/p>\n<p>\u2013 Pour un nettoyage hydratant et purifiant<\/p>\n<p>\u2013 \u00e9limination en douceur des impuret\u00e9s et du maquillage<\/p>\n<p>\u2013 Pr\u00e9vention des taches pigmentaires<\/p>\n","protected":false},"excerpt":{"rendered":"<div class=\"woocommerce-product-details__short-description\">Combin\u00e9e au soin quotidien de votre visage, cette douce cr\u00e8me nettoyante vous offre le meilleur des plantes; leur fra\u00eecheur et leur d\u00e9licatesse purifient naturellement et laissent la peau saine et rayonnante.<\/div>\n","protected":false},"featured_media":401,"template":"","meta":{"_acf_changed":false},"product_brand":[66],"product_cat":[27],"product_tag":[80],"class_list":{"0":"post-398","1":"product","2":"type-product","3":"status-publish","4":"has-post-thumbnail","6":"product_brand-lherbier","7":"product_cat-lotion-de-corps","8":"product_tag-creme-2","9":"pa_format-100ml","10":"pa_format-240-ml","11":"pa_format-1l","12":"pa_format-15ml","14":"first","15":"instock","16":"taxable","17":"shipping-taxable","18":"purchasable","19":"product-type-variable","20":"has-default-attributes"},"acf":[],"_links":{"self":[{"href":"https:\/\/solutionmassage.com\/boutique\/wp-json\/wp\/v2\/product\/398","targetHints":{"allow":["GET"]}}],"collection":[{"href":"https:\/\/solutionmassage.com\/boutique\/wp-json\/wp\/v2\/product"}],"about":[{"href":"https:\/\/solutionmassage.com\/boutique\/wp-json\/wp\/v2\/types\/product"}],"wp:featuredmedia":[{"embeddable":true,"href":"https:\/\/solutionmassage.com\/boutique\/wp-json\/wp\/v2\/media\/401"}],"wp:attachment":[{"href":"https:\/\/solutionmassage.com\/boutique\/wp-json\/wp\/v2\/media?parent=398"}],"wp:term":[{"taxonomy":"product_brand","embeddable":true,"href":"https:\/\/solutionmassage.com\/boutique\/wp-json\/wp\/v2\/product_brand?post=398"},{"taxonomy":"product_cat","embeddable":true,"href":"https:\/\/solutionmassage.com\/boutique\/wp-json\/wp\/v2\/product_cat?post=398"},{"taxonomy":"product_tag","embeddable":true,"href":"https:\/\/solutionmassage.com\/boutique\/wp-json\/wp\/v2\/product_tag?post=398"}],"curies":[{"name":"wp","href":"https:\/\/api.w.org\/{rel}","templated":true}]}}