{"id":385,"date":"2025-07-10T13:04:35","date_gmt":"2025-07-10T13:04:35","guid":{"rendered":"https:\/\/solutionmassage.com\/boutique\/?post_type=product&#038;p=385"},"modified":"2026-04-10T14:40:02","modified_gmt":"2026-04-10T14:40:02","slug":"creme-fleurs-miraculeuses","status":"publish","type":"product","link":"https:\/\/solutionmassage.com\/boutique\/produit\/creme-fleurs-miraculeuses\/","title":{"rendered":"La Cr\u00e8me \u2013 Fleurs Miraculeuses"},"content":{"rendered":"<h3>LA CR\u00c8ME<\/h3>\n<p>Fleurs Miraculeuses<\/p>\n<p>Une belle harmonie de fleurs douces, apaisantes et r\u00e9g\u00e9n\u00e9ratrices pour la peau fragilis\u00e9e du corps et du visage! Faites d\u2019ingr\u00e9dients vrais et biologiques, nos cr\u00e8mes fra\u00eeches et naturelles sont sp\u00e9cialement con\u00e7ues pour l\u2019hydratation, la beaut\u00e9 et la sant\u00e9 de votre peau. Un aliment pour votre peau!<\/p>\n<h3>Qualit\u00e9s<\/h3>\n<p>\u2013 Aliment pour la peau<\/p>\n<p>\u2013 Contient de l\u2019eau florale de lavande et des plantes apaisantes naturelles<\/p>\n<p>\u2013 Contient du miel, du beurre de karit\u00e9 et de la vitamine E<\/p>\n<h3>Tr\u00e8s appr\u00e9ci\u00e9 pour les besoins suivants<\/h3>\n<p>\u2013 Peau fragilis\u00e9e<\/p>\n<p>\u2013 Coup de soleil (apaisement)<\/p>\n<p>\u2013 Psoriasis, ecz\u00e9ma<\/p>\n<p>\u2013 Dermatites<\/p>\n<p>\u2013 Peau d\u00e9licate du visage et du corps<\/p>\n<p>\u2013 Id\u00e9ale pour la peau du b\u00e9b\u00e9<\/p>\n","protected":false},"excerpt":{"rendered":"<div class=\"woocommerce-product-details__short-description\">Une belle harmonie de fleurs douces, apaisantes et r\u00e9g\u00e9n\u00e9ratrices pour la peau fragilis\u00e9e du corps et du visage! Faites d\u2019ingr\u00e9dients vrais et biologiques, nos cr\u00e8mes fra\u00eeches et naturelles sont sp\u00e9cialement con\u00e7ues pour l\u2019hydratation, la beaut\u00e9 et la sant\u00e9 de votre peau. Un aliment pour votre peau!<\/div>\n","protected":false},"featured_media":388,"template":"","meta":{"_acf_changed":false},"product_brand":[66],"product_cat":[27],"product_tag":[98],"class_list":{"0":"post-385","1":"product","2":"type-product","3":"status-publish","4":"has-post-thumbnail","6":"product_brand-lherbier","7":"product_cat-lotion-de-corps","8":"product_tag-lotion","9":"pa_format-100ml","10":"pa_format-240-ml","11":"pa_format-1l","12":"pa_format-15ml","14":"first","15":"instock","16":"taxable","17":"shipping-taxable","18":"purchasable","19":"product-type-variable","20":"has-default-attributes"},"acf":[],"_links":{"self":[{"href":"https:\/\/solutionmassage.com\/boutique\/wp-json\/wp\/v2\/product\/385","targetHints":{"allow":["GET"]}}],"collection":[{"href":"https:\/\/solutionmassage.com\/boutique\/wp-json\/wp\/v2\/product"}],"about":[{"href":"https:\/\/solutionmassage.com\/boutique\/wp-json\/wp\/v2\/types\/product"}],"wp:featuredmedia":[{"embeddable":true,"href":"https:\/\/solutionmassage.com\/boutique\/wp-json\/wp\/v2\/media\/388"}],"wp:attachment":[{"href":"https:\/\/solutionmassage.com\/boutique\/wp-json\/wp\/v2\/media?parent=385"}],"wp:term":[{"taxonomy":"product_brand","embeddable":true,"href":"https:\/\/solutionmassage.com\/boutique\/wp-json\/wp\/v2\/product_brand?post=385"},{"taxonomy":"product_cat","embeddable":true,"href":"https:\/\/solutionmassage.com\/boutique\/wp-json\/wp\/v2\/product_cat?post=385"},{"taxonomy":"product_tag","embeddable":true,"href":"https:\/\/solutionmassage.com\/boutique\/wp-json\/wp\/v2\/product_tag?post=385"}],"curies":[{"name":"wp","href":"https:\/\/api.w.org\/{rel}","templated":true}]}}