{"id":375,"date":"2025-07-10T12:55:26","date_gmt":"2025-07-10T12:55:26","guid":{"rendered":"https:\/\/solutionmassage.com\/boutique\/?post_type=product&#038;p=375"},"modified":"2026-04-10T14:41:14","modified_gmt":"2026-04-10T14:41:14","slug":"creme-karite-miel-propolis","status":"publish","type":"product","link":"https:\/\/solutionmassage.com\/boutique\/produit\/creme-karite-miel-propolis\/","title":{"rendered":"La Cr\u00e8me \u2013 Karit\u00e9, Miel et Propolis"},"content":{"rendered":"<h3>LA CR\u00c8ME<\/h3>\n<p>Karit\u00e9, Miel et Propolis<\/p>\n<p>Une belle douceur de la ruche id\u00e9ale pour la p\u00e9riode hivernale, la peau s\u00e8che ou d\u00e9licate. Faites d\u2019ingr\u00e9dients vrais et biologiques, nos cr\u00e8mes fra\u00eeches et naturelles sont sp\u00e9cialement con\u00e7ues pour l\u2019hydratation, la beaut\u00e9 et la sant\u00e9 de votre peau. Un aliment pour votre peau!<\/p>\n<h3>Qualit\u00e9s<\/h3>\n<p>\u2013 Aliment pour la peau<\/p>\n<p>\u2013 Contient du miel et de la propolis du Qu\u00e9bec<\/p>\n<p>\u2013 Fra\u00eeche et naturelle<\/p>\n<p>\u2013 Contient du beurre de karit\u00e9 et de la vitamine E<\/p>\n<h3>Tr\u00e8s appr\u00e9ci\u00e9 pour les besoins suivants<\/h3>\n<p>\u2013 Pour les amoureux de la ruche<\/p>\n<p>\u2013 Peau tr\u00e8s s\u00e8che et sensible<\/p>\n<p>\u2013 Pour la peau de b\u00e9b\u00e9 et de maman<\/p>\n<p>\u2013 Fra\u00eeche et naturelle pour hydrater le corps et les mains<\/p>\n","protected":false},"excerpt":{"rendered":"<div class=\"woocommerce-product-details__short-description\">Une belle douceur de la ruche id\u00e9ale pour la p\u00e9riode hivernale, la peau s\u00e8che ou d\u00e9licate. Faites d\u2019ingr\u00e9dients vrais et biologiques, nos cr\u00e8mes fra\u00eeches et naturelles sont sp\u00e9cialement con\u00e7ues pour l\u2019hydratation, la beaut\u00e9 et la sant\u00e9 de votre peau. Un aliment pour votre peau!<\/div>\n","protected":false},"featured_media":378,"template":"","meta":{"_acf_changed":false},"product_brand":[66],"product_cat":[27],"product_tag":[98],"class_list":{"0":"post-375","1":"product","2":"type-product","3":"status-publish","4":"has-post-thumbnail","6":"product_brand-lherbier","7":"product_cat-lotion-de-corps","8":"product_tag-lotion","9":"pa_format-240-ml","10":"pa_format-1l","11":"pa_format-15ml","13":"first","14":"instock","15":"taxable","16":"shipping-taxable","17":"purchasable","18":"product-type-variable","19":"has-default-attributes"},"acf":[],"_links":{"self":[{"href":"https:\/\/solutionmassage.com\/boutique\/wp-json\/wp\/v2\/product\/375","targetHints":{"allow":["GET"]}}],"collection":[{"href":"https:\/\/solutionmassage.com\/boutique\/wp-json\/wp\/v2\/product"}],"about":[{"href":"https:\/\/solutionmassage.com\/boutique\/wp-json\/wp\/v2\/types\/product"}],"wp:featuredmedia":[{"embeddable":true,"href":"https:\/\/solutionmassage.com\/boutique\/wp-json\/wp\/v2\/media\/378"}],"wp:attachment":[{"href":"https:\/\/solutionmassage.com\/boutique\/wp-json\/wp\/v2\/media?parent=375"}],"wp:term":[{"taxonomy":"product_brand","embeddable":true,"href":"https:\/\/solutionmassage.com\/boutique\/wp-json\/wp\/v2\/product_brand?post=375"},{"taxonomy":"product_cat","embeddable":true,"href":"https:\/\/solutionmassage.com\/boutique\/wp-json\/wp\/v2\/product_cat?post=375"},{"taxonomy":"product_tag","embeddable":true,"href":"https:\/\/solutionmassage.com\/boutique\/wp-json\/wp\/v2\/product_tag?post=375"}],"curies":[{"name":"wp","href":"https:\/\/api.w.org\/{rel}","templated":true}]}}