{"id":352,"date":"2025-07-09T17:20:46","date_gmt":"2025-07-09T17:20:46","guid":{"rendered":"https:\/\/solutionmassage.com\/boutique\/?post_type=product&#038;p=352"},"modified":"2026-04-10T14:30:29","modified_gmt":"2026-04-10T14:30:29","slug":"creme-masso-visage","status":"publish","type":"product","link":"https:\/\/solutionmassage.com\/boutique\/produit\/creme-masso-visage\/","title":{"rendered":"La Cr\u00e8me \u2013 Masso Visage"},"content":{"rendered":"<h3>LA CR\u00c8ME<\/h3>\n<p>Masso Visage<\/p>\n<p>Combin\u00e9e au massage quotidien de votre visage, cette cr\u00e8me de jour et de nuit vous offre le meilleur des plantes; gr\u00e2ce \u00e0 leur fra\u00eecheur et \u00e0 leur d\u00e9licatesse, la peau est d\u2019une beaut\u00e9 naturelle, en plus d\u2019\u00eatre saine et rayonnante.<\/p>\n<h3>Qualit\u00e9s<\/h3>\n<p>\u2013 D\u00e9contractante au niveau des muscles faciaux<\/p>\n<p>\u2013 Antioxydante et protectrice<\/p>\n<p>\u2013 Nutritive et r\u00e9g\u00e9n\u00e9ratrice<\/p>\n<h3>Tr\u00e8s appr\u00e9ci\u00e9 pour les besoins suivants<\/h3>\n<p>\u2013 Massage du visage au quotidien<\/p>\n<p>\u2013 Pr\u00e9vention des ridules d\u2019expression<\/p>\n<p>\u2013 Niveau de stress \u00e9lev\u00e9 et tension des muscles faciaux<\/p>\n<p>\u2013 R\u00e9paratrice et protectrice lors d\u2019un soin facial du visage<\/p>\n<p>\u2013 Id\u00e9ale comme cr\u00e8me de jour et de nuit<\/p>\n<p>\u2013 Tr\u00e8s utile pour les massoth\u00e9rapeutes pratiquant le massage du visage<\/p>\n","protected":false},"excerpt":{"rendered":"<div class=\"woocommerce-product-details__short-description\">Combin\u00e9e au massage quotidien de votre visage, cette cr\u00e8me de jour et de nuit vous offre le meilleur des plantes; gr\u00e2ce \u00e0 leur fra\u00eecheur et \u00e0 leur d\u00e9licatesse, la peau est d\u2019une beaut\u00e9 naturelle, en plus d\u2019\u00eatre saine et rayonnante.<\/div>\n","protected":false},"featured_media":355,"template":"","meta":{"_acf_changed":false},"product_brand":[66],"product_cat":[27],"product_tag":[80],"class_list":{"0":"post-352","1":"product","2":"type-product","3":"status-publish","4":"has-post-thumbnail","6":"product_brand-lherbier","7":"product_cat-lotion-de-corps","8":"product_tag-creme-2","9":"pa_format-100ml","10":"pa_format-240-ml","11":"pa_format-1l","12":"pa_format-15ml","14":"first","15":"instock","16":"taxable","17":"shipping-taxable","18":"purchasable","19":"product-type-variable","20":"has-default-attributes"},"acf":[],"_links":{"self":[{"href":"https:\/\/solutionmassage.com\/boutique\/wp-json\/wp\/v2\/product\/352","targetHints":{"allow":["GET"]}}],"collection":[{"href":"https:\/\/solutionmassage.com\/boutique\/wp-json\/wp\/v2\/product"}],"about":[{"href":"https:\/\/solutionmassage.com\/boutique\/wp-json\/wp\/v2\/types\/product"}],"wp:featuredmedia":[{"embeddable":true,"href":"https:\/\/solutionmassage.com\/boutique\/wp-json\/wp\/v2\/media\/355"}],"wp:attachment":[{"href":"https:\/\/solutionmassage.com\/boutique\/wp-json\/wp\/v2\/media?parent=352"}],"wp:term":[{"taxonomy":"product_brand","embeddable":true,"href":"https:\/\/solutionmassage.com\/boutique\/wp-json\/wp\/v2\/product_brand?post=352"},{"taxonomy":"product_cat","embeddable":true,"href":"https:\/\/solutionmassage.com\/boutique\/wp-json\/wp\/v2\/product_cat?post=352"},{"taxonomy":"product_tag","embeddable":true,"href":"https:\/\/solutionmassage.com\/boutique\/wp-json\/wp\/v2\/product_tag?post=352"}],"curies":[{"name":"wp","href":"https:\/\/api.w.org\/{rel}","templated":true}]}}