{"id":336,"date":"2025-07-09T16:52:30","date_gmt":"2025-07-09T16:52:30","guid":{"rendered":"https:\/\/solutionmassage.com\/boutique\/?post_type=product&#038;p=336"},"modified":"2026-04-10T14:14:34","modified_gmt":"2026-04-10T14:14:34","slug":"baume-corporel-massage-thermal","status":"publish","type":"product","link":"https:\/\/solutionmassage.com\/boutique\/produit\/baume-corporel-massage-thermal\/","title":{"rendered":"Baume Corporel et Massage \u2013 Thermal"},"content":{"rendered":"<h3>BAUME CORPOREL ET MASSAGE<\/h3>\n<p>Thermal<\/p>\n<p>Ce baume \u00e0 base d\u2019huile de riz press\u00e9e \u00e0 froid, d\u2019extrait de fleur de calendula* et d\u2019huiles essentielles de camphre blanc, d\u2019eucalyptus, de menthe poivr\u00e9e et de th\u00e9 des bois est fort appr\u00e9ci\u00e9 pour le massage des muscles et des articulations et favorise une sensation de bien-\u00eatre par le massage.<\/p>\n<h3>Qualit\u00e9s<\/h3>\n<p>\u2013 Hydratation et protection de la peau<\/p>\n<p>\u2013 Texture douce, soyeuse et non collante<\/p>\n<p>\u2013 Huiles fines et s\u00e8ches riches en vitamines liposolubles<\/p>\n<p>\u2013 Contient des mac\u00e9rats de plantes et des huiles essentielles pures utilis\u00e9s pour leurs bienfaits.<\/p>\n<h3>Tr\u00e8s appr\u00e9ci\u00e9 pour les besoins suivants<\/h3>\n<p>\u2013 Raideur au niveau des articulations<\/p>\n<p>\u2013 Maux de dos, tension lombaire, nerf sciatique<\/p>\n<p>\u2013 Arthrite, arthrose et rhumatisme<\/p>\n<p>\u2013 Pour un massage sportif, des articulations et\/ou des muscles.<\/p>\n","protected":false},"excerpt":{"rendered":"<div class=\"woocommerce-product-details__short-description\">Ce baume \u00e0 base d\u2019huile de riz press\u00e9e \u00e0 froid, d\u2019extrait de fleur de calendula* et d\u2019huiles essentielles de camphre blanc, d\u2019eucalyptus, de menthe poivr\u00e9e et de th\u00e9 des bois est fort appr\u00e9ci\u00e9 pour le massage des muscles et des articulations et favorise une sensation de bien-\u00eatre par le massage.<\/div>\n","protected":false},"featured_media":342,"template":"","meta":{"_acf_changed":false},"product_brand":[66],"product_cat":[24,79],"product_tag":[81,80],"class_list":{"0":"post-336","1":"product","2":"type-product","3":"status-publish","4":"has-post-thumbnail","6":"product_brand-lherbier","7":"product_cat-baumes","8":"product_cat-creme-2","9":"product_tag-baumes","10":"product_tag-creme-2","11":"pa_format-100-g","12":"pa_format-400-g","13":"pa_format-15g","15":"first","16":"instock","17":"taxable","18":"shipping-taxable","19":"purchasable","20":"product-type-variable","21":"has-default-attributes"},"acf":[],"_links":{"self":[{"href":"https:\/\/solutionmassage.com\/boutique\/wp-json\/wp\/v2\/product\/336","targetHints":{"allow":["GET"]}}],"collection":[{"href":"https:\/\/solutionmassage.com\/boutique\/wp-json\/wp\/v2\/product"}],"about":[{"href":"https:\/\/solutionmassage.com\/boutique\/wp-json\/wp\/v2\/types\/product"}],"wp:featuredmedia":[{"embeddable":true,"href":"https:\/\/solutionmassage.com\/boutique\/wp-json\/wp\/v2\/media\/342"}],"wp:attachment":[{"href":"https:\/\/solutionmassage.com\/boutique\/wp-json\/wp\/v2\/media?parent=336"}],"wp:term":[{"taxonomy":"product_brand","embeddable":true,"href":"https:\/\/solutionmassage.com\/boutique\/wp-json\/wp\/v2\/product_brand?post=336"},{"taxonomy":"product_cat","embeddable":true,"href":"https:\/\/solutionmassage.com\/boutique\/wp-json\/wp\/v2\/product_cat?post=336"},{"taxonomy":"product_tag","embeddable":true,"href":"https:\/\/solutionmassage.com\/boutique\/wp-json\/wp\/v2\/product_tag?post=336"}],"curies":[{"name":"wp","href":"https:\/\/api.w.org\/{rel}","templated":true}]}}