{"id":326,"date":"2025-07-09T16:47:25","date_gmt":"2025-07-09T16:47:25","guid":{"rendered":"https:\/\/solutionmassage.com\/boutique\/?post_type=product&#038;p=326"},"modified":"2026-04-10T14:13:21","modified_gmt":"2026-04-10T14:13:21","slug":"baume-corporel-massage-relaxo","status":"publish","type":"product","link":"https:\/\/solutionmassage.com\/boutique\/produit\/baume-corporel-massage-relaxo\/","title":{"rendered":"Baume Corporel et Massage \u2013 Relaxo"},"content":{"rendered":"<h3>BAUME CORPOREL ET MASSAGE<\/h3>\n<p>Relaxo<\/p>\n<p>Ce baume \u00e0 base d\u2019huile de riz press\u00e9e \u00e0 froid, d\u2019extrait de fleur de camomille* et d\u2019huiles essentielles pures de lavande et d\u2019orange* est fort appr\u00e9ci\u00e9 pour un massage de relaxation et de d\u00e9tente.<\/p>\n<h3>Qualit\u00e9s<\/h3>\n<p>\u2013 Hydratation et protection de la peau<\/p>\n<p>\u2013 Texture douce, soyeuse et non collante<\/p>\n<p>\u2013 Huiles fines et s\u00e8ches riches en vitamines liposolubles<\/p>\n<p>\u2013 Contient des mac\u00e9rats de plantes et des huiles essentielles pures utilis\u00e9s pour leurs bienfaits.<\/p>\n<h3>Tr\u00e8s appr\u00e9ci\u00e9 pour les besoins suivants<\/h3>\n<p>\u2013 Tensions musculaires<\/p>\n<p>\u2013 Niveau de stress \u00e9lev\u00e9<\/p>\n<p>\u2013 Fibromyalgie<\/p>\n<p>\u2013 Migraine<\/p>\n<p>\u2013 Pour un massage des muscles et des r\u00e9gions \u00e0 forte tension<\/p>\n","protected":false},"excerpt":{"rendered":"<p>BAUME CORPOREL ET MASSAGE Relaxo Ce baume \u00e0 base d\u2019huile de riz press\u00e9e \u00e0 froid, d\u2019extrait de fleur de camomille* et d\u2019huiles essentielles pures de lavande et d\u2019orange* est fort appr\u00e9ci\u00e9 pour un massage de relaxation et de d\u00e9tente. Qualit\u00e9s \u2013 Hydratation et protection de la peau \u2013 Texture douce, soyeuse et non collante \u2013 [&hellip;]<\/p>\n","protected":false},"featured_media":329,"template":"","meta":{"_acf_changed":false},"product_brand":[66],"product_cat":[24],"product_tag":[81],"class_list":{"0":"post-326","1":"product","2":"type-product","3":"status-publish","4":"has-post-thumbnail","6":"product_brand-lherbier","7":"product_cat-baumes","8":"product_tag-baumes","9":"pa_format-100-g","10":"pa_format-400-g","11":"pa_format-15g","13":"first","14":"instock","15":"taxable","16":"shipping-taxable","17":"purchasable","18":"product-type-variable","19":"has-default-attributes"},"acf":[],"_links":{"self":[{"href":"https:\/\/solutionmassage.com\/boutique\/wp-json\/wp\/v2\/product\/326","targetHints":{"allow":["GET"]}}],"collection":[{"href":"https:\/\/solutionmassage.com\/boutique\/wp-json\/wp\/v2\/product"}],"about":[{"href":"https:\/\/solutionmassage.com\/boutique\/wp-json\/wp\/v2\/types\/product"}],"wp:featuredmedia":[{"embeddable":true,"href":"https:\/\/solutionmassage.com\/boutique\/wp-json\/wp\/v2\/media\/329"}],"wp:attachment":[{"href":"https:\/\/solutionmassage.com\/boutique\/wp-json\/wp\/v2\/media?parent=326"}],"wp:term":[{"taxonomy":"product_brand","embeddable":true,"href":"https:\/\/solutionmassage.com\/boutique\/wp-json\/wp\/v2\/product_brand?post=326"},{"taxonomy":"product_cat","embeddable":true,"href":"https:\/\/solutionmassage.com\/boutique\/wp-json\/wp\/v2\/product_cat?post=326"},{"taxonomy":"product_tag","embeddable":true,"href":"https:\/\/solutionmassage.com\/boutique\/wp-json\/wp\/v2\/product_tag?post=326"}],"curies":[{"name":"wp","href":"https:\/\/api.w.org\/{rel}","templated":true}]}}