{"id":319,"date":"2025-07-09T16:41:54","date_gmt":"2025-07-09T16:41:54","guid":{"rendered":"https:\/\/solutionmassage.com\/boutique\/?post_type=product&#038;p=319"},"modified":"2026-04-10T14:12:27","modified_gmt":"2026-04-10T14:12:27","slug":"baume-corporel-massage-pulmo-air","status":"publish","type":"product","link":"https:\/\/solutionmassage.com\/boutique\/produit\/baume-corporel-massage-pulmo-air\/","title":{"rendered":"Baume Corporel et Massage \u2013 Pulmo Air"},"content":{"rendered":"<h3>BAUME CORPOREL ET MASSAGE<\/h3>\n<p>Pulmo Air<\/p>\n<p>Ce baume \u00e0 base d\u2019huile de riz press\u00e9e \u00e0 froid, d\u2019extrait de fleur de camomille* et d\u2019huiles essentielles pures de pin blanc canadien* et d\u2019eucalyptus est fort appr\u00e9ci\u00e9 pour une respiration ais\u00e9e et confortable.<\/p>\n<h3>Qualit\u00e9s<\/h3>\n<p>\u2013 Texture douce, soyeuse et non collante<\/p>\n<p>\u2013 Apaisant, calmant<\/p>\n<p>\u2013 Non irritant pour la peau<\/p>\n<p>\u2013 Hydratation et protection de la peau<\/p>\n<p>\u2013 Texture douce, soyeuse et non collante<\/p>\n<p>\u2013 Huiles fines et s\u00e8ches riches en vitamines liposolubles<\/p>\n<p>\u2013 Contient des mac\u00e9rats de plantes et des huiles essentielles pures utilis\u00e9s pour leurs bienfaits.<\/p>\n<h3>Tr\u00e8s appr\u00e9ci\u00e9 pour les besoins suivants<\/h3>\n<p>\u2013 Congestion des voies respiratoires<\/p>\n<p>\u2013 Asthme, toux, rhume, grippe<\/p>\n<p>\u2013 Bronchite, sinusite<\/p>\n<p>\u2013 Pour un massage du thorax, du dos et de la vo\u00fbte plantaire<\/p>\n<p>\u2013 Pour un sommeil et une respiration plus confortables<\/p>\n","protected":false},"excerpt":{"rendered":"<div class=\"woocommerce-product-details__short-description\">Ce baume \u00e0 base d\u2019huile de riz press\u00e9e \u00e0 froid, d\u2019extrait de fleur de camomille* et d\u2019huiles essentielles pures de pin blanc canadien* et d\u2019eucalyptus est fort appr\u00e9ci\u00e9 pour une respiration ais\u00e9e et confortable.<\/div>\n","protected":false},"featured_media":320,"template":"","meta":{"_acf_changed":false},"product_brand":[66],"product_cat":[24],"product_tag":[81],"class_list":{"0":"post-319","1":"product","2":"type-product","3":"status-publish","4":"has-post-thumbnail","6":"product_brand-lherbier","7":"product_cat-baumes","8":"product_tag-baumes","9":"pa_format-100-g","10":"pa_format-15g","12":"first","13":"instock","14":"taxable","15":"shipping-taxable","16":"purchasable","17":"product-type-variable","18":"has-default-attributes"},"acf":[],"_links":{"self":[{"href":"https:\/\/solutionmassage.com\/boutique\/wp-json\/wp\/v2\/product\/319","targetHints":{"allow":["GET"]}}],"collection":[{"href":"https:\/\/solutionmassage.com\/boutique\/wp-json\/wp\/v2\/product"}],"about":[{"href":"https:\/\/solutionmassage.com\/boutique\/wp-json\/wp\/v2\/types\/product"}],"wp:featuredmedia":[{"embeddable":true,"href":"https:\/\/solutionmassage.com\/boutique\/wp-json\/wp\/v2\/media\/320"}],"wp:attachment":[{"href":"https:\/\/solutionmassage.com\/boutique\/wp-json\/wp\/v2\/media?parent=319"}],"wp:term":[{"taxonomy":"product_brand","embeddable":true,"href":"https:\/\/solutionmassage.com\/boutique\/wp-json\/wp\/v2\/product_brand?post=319"},{"taxonomy":"product_cat","embeddable":true,"href":"https:\/\/solutionmassage.com\/boutique\/wp-json\/wp\/v2\/product_cat?post=319"},{"taxonomy":"product_tag","embeddable":true,"href":"https:\/\/solutionmassage.com\/boutique\/wp-json\/wp\/v2\/product_tag?post=319"}],"curies":[{"name":"wp","href":"https:\/\/api.w.org\/{rel}","templated":true}]}}