{"id":302,"date":"2025-07-09T15:55:13","date_gmt":"2025-07-09T15:55:13","guid":{"rendered":"https:\/\/solutionmassage.com\/boutique\/?post_type=product&#038;p=302"},"modified":"2026-04-10T14:11:35","modified_gmt":"2026-04-10T14:11:35","slug":"baume-corporel-massage-oceanne","status":"publish","type":"product","link":"https:\/\/solutionmassage.com\/boutique\/produit\/baume-corporel-massage-oceanne\/","title":{"rendered":"Baume Corporel et Massage \u2013 Oc\u00e9anne"},"content":{"rendered":"<h3>BAUME CORPOREL ET MASSAGE<\/h3>\n<p>Ce baume \u00e0 base d\u2019algues marines sauvages du Canada, d\u2019huiles d\u2019olive et de soya*, d\u2019huile de riz press\u00e9e \u00e0 froid et d\u2019huiles essentielles pures de marjolaine et de lavande est fort appr\u00e9ci\u00e9 pour le massage de bien-\u00eatre et la beaut\u00e9 de la silhouette.<\/p>\n<h3>Qualit\u00e9s<\/h3>\n<p>\u2013 Hydratation et protection de la peau<\/p>\n<p>\u2013 Huiles fines et s\u00e8ches riches en vitamines liposolubles<\/p>\n<p>\u2013 Remin\u00e9ralisation de l\u2019organisme et \u00e9limination des toxines<\/p>\n<p>\u2013 Drainage des surcharges graisseuses et de la cellulite<\/p>\n<p>\u2013 Apaisement et d\u00e9tente<\/p>\n<p>\u2013 Peut \u00eatre utilis\u00e9 comme p\u00e2te d\u2019enveloppement sans rin\u00e7age.<\/p>\n<h3>Tr\u00e8s appr\u00e9ci\u00e9 pour les besoins suivants<\/h3>\n<p>\u2013 Jambes lourdes<\/p>\n<p>\u2013 Embonpoint, cellulite et peau d\u2019orange<\/p>\n<p>\u2013 Fatigue, stress et tension au quotidien<\/p>\n<p>\u2013 Drainage, min\u00e9ralisation et tonification de l\u2019organisme<\/p>\n<p>\u2013 Pour un massage des jambes ou des r\u00e9gions s\u00e9lectionn\u00e9es au quotidien avec les doigts ou \u00e0 l\u2019aide d\u2019uneventouse en silicone<\/p>\n","protected":false},"excerpt":{"rendered":"<div class=\"woocommerce-product-details__short-description\">Ce baume \u00e0 base d\u2019algues marines sauvages du Canada, d\u2019huiles d\u2019olive et de soya*, d\u2019huile de riz press\u00e9e \u00e0 froid et d\u2019huiles essentielles pures de marjolaine et de lavande est fort appr\u00e9ci\u00e9 pour le massage de bien-\u00eatre et la beaut\u00e9 de la silhouette.<\/div>\n","protected":false},"featured_media":305,"template":"","meta":{"_acf_changed":false},"product_brand":[66],"product_cat":[24],"product_tag":[81],"class_list":{"0":"post-302","1":"product","2":"type-product","3":"status-publish","4":"has-post-thumbnail","6":"product_brand-lherbier","7":"product_cat-baumes","8":"product_tag-baumes","9":"pa_format-100-g","10":"pa_format-400-g","11":"pa_format-15g","13":"first","14":"instock","15":"taxable","16":"shipping-taxable","17":"purchasable","18":"product-type-variable","19":"has-default-attributes"},"acf":[],"_links":{"self":[{"href":"https:\/\/solutionmassage.com\/boutique\/wp-json\/wp\/v2\/product\/302","targetHints":{"allow":["GET"]}}],"collection":[{"href":"https:\/\/solutionmassage.com\/boutique\/wp-json\/wp\/v2\/product"}],"about":[{"href":"https:\/\/solutionmassage.com\/boutique\/wp-json\/wp\/v2\/types\/product"}],"wp:featuredmedia":[{"embeddable":true,"href":"https:\/\/solutionmassage.com\/boutique\/wp-json\/wp\/v2\/media\/305"}],"wp:attachment":[{"href":"https:\/\/solutionmassage.com\/boutique\/wp-json\/wp\/v2\/media?parent=302"}],"wp:term":[{"taxonomy":"product_brand","embeddable":true,"href":"https:\/\/solutionmassage.com\/boutique\/wp-json\/wp\/v2\/product_brand?post=302"},{"taxonomy":"product_cat","embeddable":true,"href":"https:\/\/solutionmassage.com\/boutique\/wp-json\/wp\/v2\/product_cat?post=302"},{"taxonomy":"product_tag","embeddable":true,"href":"https:\/\/solutionmassage.com\/boutique\/wp-json\/wp\/v2\/product_tag?post=302"}],"curies":[{"name":"wp","href":"https:\/\/api.w.org\/{rel}","templated":true}]}}