{"id":295,"date":"2025-07-09T15:49:43","date_gmt":"2025-07-09T15:49:43","guid":{"rendered":"https:\/\/solutionmassage.com\/boutique\/?post_type=product&#038;p=295"},"modified":"2026-04-10T14:10:29","modified_gmt":"2026-04-10T14:10:29","slug":"baume-corporel-massage-legerete","status":"publish","type":"product","link":"https:\/\/solutionmassage.com\/boutique\/produit\/baume-corporel-massage-legerete\/","title":{"rendered":"Baume Corporel et Massage \u2013 L\u00e9g\u00e8ret\u00e9"},"content":{"rendered":"<h3>BAUME CORPOREL ET MASSAGE<\/h3>\n<p>L\u00e9g\u00e8ret\u00e9<\/p>\n<p>Ce baume \u00e0 base d\u2019huile de riz press\u00e9e \u00e0 froid, d\u2019extraits de vigne rouge, d\u2019hamam\u00e9lis, de Ginkgo biloba* et de marronnier d\u2019Inde, d\u2019huiles essentielles pures de menthe poivr\u00e9e et de cypr\u00e8s, est fort appr\u00e9ci\u00e9 pour un massage des jambes et des pieds.<\/p>\n<h3>Qualit\u00e9s<\/h3>\n<p>\u2013 Hydratation et protection de la peau<\/p>\n<p>\u2013 Texture douce, soyeuse et non collante<\/p>\n<p>\u2013 Huiles fines et s\u00e8ches riches en vitamines liposolubles<\/p>\n<p>\u2013 Contient des mac\u00e9rats de plantes et des huiles essentielles pures utilis\u00e9s pour leurs bienfaits.<\/p>\n<h3>Tr\u00e8s appr\u00e9ci\u00e9 pour les besoins suivants<\/h3>\n<p>\u2013 Jambes lourdes<\/p>\n<p>\u2013 R\u00e9tention d\u2019eau et enflure (jambes et pieds)<\/p>\n<p>\u2013 Mauvaise circulation<\/p>\n<p>\u2013 Pieds endoloris<\/p>\n<p>\u2013 Pour un massage des jambes, des pieds ou des pieds-mollets<\/p>\n","protected":false},"excerpt":{"rendered":"<div class=\"woocommerce-product-details__short-description\">Ce baume \u00e0 base d\u2019huile de riz press\u00e9e \u00e0 froid, d\u2019extraits de vigne rouge, d\u2019hamam\u00e9lis, de Ginkgo biloba* et de marronnier d\u2019Inde, d\u2019huiles essentielles pures de menthe poivr\u00e9e et de cypr\u00e8s, est fort appr\u00e9ci\u00e9 pour un massage des jambes et des pieds.<\/div>\n","protected":false},"featured_media":296,"template":"","meta":{"_acf_changed":false},"product_brand":[66],"product_cat":[24],"product_tag":[81],"class_list":{"0":"post-295","1":"product","2":"type-product","3":"status-publish","4":"has-post-thumbnail","6":"product_brand-lherbier","7":"product_cat-baumes","8":"product_tag-baumes","9":"pa_format-100-g","10":"pa_format-15g","12":"first","13":"instock","14":"taxable","15":"shipping-taxable","16":"purchasable","17":"product-type-variable","18":"has-default-attributes"},"acf":[],"_links":{"self":[{"href":"https:\/\/solutionmassage.com\/boutique\/wp-json\/wp\/v2\/product\/295","targetHints":{"allow":["GET"]}}],"collection":[{"href":"https:\/\/solutionmassage.com\/boutique\/wp-json\/wp\/v2\/product"}],"about":[{"href":"https:\/\/solutionmassage.com\/boutique\/wp-json\/wp\/v2\/types\/product"}],"wp:featuredmedia":[{"embeddable":true,"href":"https:\/\/solutionmassage.com\/boutique\/wp-json\/wp\/v2\/media\/296"}],"wp:attachment":[{"href":"https:\/\/solutionmassage.com\/boutique\/wp-json\/wp\/v2\/media?parent=295"}],"wp:term":[{"taxonomy":"product_brand","embeddable":true,"href":"https:\/\/solutionmassage.com\/boutique\/wp-json\/wp\/v2\/product_brand?post=295"},{"taxonomy":"product_cat","embeddable":true,"href":"https:\/\/solutionmassage.com\/boutique\/wp-json\/wp\/v2\/product_cat?post=295"},{"taxonomy":"product_tag","embeddable":true,"href":"https:\/\/solutionmassage.com\/boutique\/wp-json\/wp\/v2\/product_tag?post=295"}],"curies":[{"name":"wp","href":"https:\/\/api.w.org\/{rel}","templated":true}]}}