{"id":288,"date":"2025-07-09T15:16:11","date_gmt":"2025-07-09T15:16:11","guid":{"rendered":"https:\/\/solutionmassage.com\/boutique\/?post_type=product&#038;p=288"},"modified":"2026-04-10T14:09:35","modified_gmt":"2026-04-10T14:09:35","slug":"conception-doux-bebe","status":"publish","type":"product","link":"https:\/\/solutionmassage.com\/boutique\/produit\/conception-doux-bebe\/","title":{"rendered":"Conception et Doux B\u00e9b\u00e9"},"content":{"rendered":"<h3>BAUME CORPOREL ET MASSAGE<\/h3>\n<p>Conception et Doux B\u00e9b\u00e9<\/p>\n<p>Ce baume \u00e0 base d\u2019huile d\u2019amande douce, d\u2019huile de tournesol* et de vitamine E est fort appr\u00e9ci\u00e9 pour ses qualit\u00e9s hydratantes et sa douceur lors de la grossesse (ventre et seins) et de l\u2019allaitement. Ensuite, combin\u00e9<\/p>\n<p>au massage, il dorlote aussi votre petit tr\u00e9sor!<\/p>\n<h3>Qualit\u00e9s<\/h3>\n<p>\u2013 Hydratation et protection de la peau<\/p>\n<p>\u2013 Non irritant pour la peau et les yeux<\/p>\n<p>\u2013 Ne poss\u00e8de pas d\u2019huiles essentielles, de parfum ou de substances chimiques<\/p>\n<p>\u2013 Texture douce, soyeuse et non collante<\/p>\n<h3>Tr\u00e8s appr\u00e9ci\u00e9 pour les besoins suivants<\/h3>\n<p>\u2013 Pour la femme enceinte ou qui allaite (mamelon)<\/p>\n<p>\u2013 Pr\u00e9vention des vergetures<\/p>\n<p>\u2013 Pour le massage de la femme enceinte<\/p>\n<p>\u2013 Pour le massage et l\u2019hydratation de la peau du B\u00e9b\u00e9<\/p>\n","protected":false},"excerpt":{"rendered":"<div class=\"woocommerce-product-details__short-description\">Ce baume \u00e0 base d\u2019huile d\u2019amande douce, d\u2019huile de tournesol* et de vitamine E est fort appr\u00e9ci\u00e9 pour ses qualit\u00e9s hydratantes et sa douceur lors de la grossesse (ventre et seins) et de l\u2019allaitement. Ensuite, combin\u00e9 au massage, il dorlote aussi votre petit tr\u00e9sor!<\/div>\n","protected":false},"featured_media":289,"template":"","meta":{"_acf_changed":false},"product_brand":[66],"product_cat":[24],"product_tag":[81],"class_list":{"0":"post-288","1":"product","2":"type-product","3":"status-publish","4":"has-post-thumbnail","6":"product_brand-lherbier","7":"product_cat-baumes","8":"product_tag-baumes","9":"pa_format-100-g","10":"pa_format-15g","12":"first","13":"instock","14":"taxable","15":"shipping-taxable","16":"purchasable","17":"product-type-variable","18":"has-default-attributes"},"acf":[],"_links":{"self":[{"href":"https:\/\/solutionmassage.com\/boutique\/wp-json\/wp\/v2\/product\/288","targetHints":{"allow":["GET"]}}],"collection":[{"href":"https:\/\/solutionmassage.com\/boutique\/wp-json\/wp\/v2\/product"}],"about":[{"href":"https:\/\/solutionmassage.com\/boutique\/wp-json\/wp\/v2\/types\/product"}],"wp:featuredmedia":[{"embeddable":true,"href":"https:\/\/solutionmassage.com\/boutique\/wp-json\/wp\/v2\/media\/289"}],"wp:attachment":[{"href":"https:\/\/solutionmassage.com\/boutique\/wp-json\/wp\/v2\/media?parent=288"}],"wp:term":[{"taxonomy":"product_brand","embeddable":true,"href":"https:\/\/solutionmassage.com\/boutique\/wp-json\/wp\/v2\/product_brand?post=288"},{"taxonomy":"product_cat","embeddable":true,"href":"https:\/\/solutionmassage.com\/boutique\/wp-json\/wp\/v2\/product_cat?post=288"},{"taxonomy":"product_tag","embeddable":true,"href":"https:\/\/solutionmassage.com\/boutique\/wp-json\/wp\/v2\/product_tag?post=288"}],"curies":[{"name":"wp","href":"https:\/\/api.w.org\/{rel}","templated":true}]}}