{"id":252,"date":"2025-07-09T14:53:05","date_gmt":"2025-07-09T14:53:05","guid":{"rendered":"https:\/\/solutionmassage.com\/boutique\/?post_type=product&#038;p=252"},"modified":"2026-04-10T14:26:00","modified_gmt":"2026-04-10T14:26:00","slug":"huile-massage-son-riz","status":"publish","type":"product","link":"https:\/\/solutionmassage.com\/boutique\/produit\/huile-massage-son-riz\/","title":{"rendered":"Huile de Massage Son de Riz"},"content":{"rendered":"<h3>BIOHUILE<\/h3>\n<p>Huile de Massage Son de Riz<\/p>\n<p>Une gamme d\u2019huiles fines, s\u00e8ches, biov\u00e9g\u00e9tales et de grande qualit\u00e9. Inodores, douces, fluides, hypoallerg\u00e9niques, elles sont sp\u00e9cialement s\u00e9lectionn\u00e9es pour les professionnels de la massoth\u00e9rapie et autres th\u00e9rapies corporelles.<\/p>\n<h3>Qualit\u00e9s<\/h3>\n<p>\u2013 C\u00e9r\u00e9ale source de vitamine E<\/p>\n<p>\u2013 Fluide, soyeuse et inodore<\/p>\n<p>\u2013 Excellent vecteur de p\u00e9n\u00e9tration<\/p>\n<p>\u2013 Toucher sec : laisse la peau douce sans sensation de film gras<\/p>\n<p>\u2013 Hypoallerg\u00e8ne<\/p>\n<h3>Tr\u00e8s appr\u00e9ci\u00e9 pour les besoins suivants<\/h3>\n<p>\u2013 Pour un massage neutre de grande qualit\u00e9<\/p>\n<p>\u2013 Pour un massage cr\u00e9atif : peut \u00eatre associ\u00e9e \u00e0 une ou plusieurs huiles essentielles<\/p>\n<p>\u2013 Hydratante et nourrissante pour l\u2019\u00e9piderme, les ongles et les cheveux<\/p>\n<p>\u2013 R\u00e9put\u00e9e pour activer la microcirculation<\/p>\n<p>\u2013 Draine et d\u00e9congestionne efficacement les zones \u2248\u00ecd\u00e9mateuses<\/p>\n<p>\u2013 Excellente huile pour le massage aux ventouses<\/p>\n","protected":false},"excerpt":{"rendered":"<div class=\"woocommerce-product-details__short-description\">Une gamme d\u2019huiles fines, s\u00e8ches, biov\u00e9g\u00e9tales et de grande qualit\u00e9. Inodores, douces, fluides, hypoallerg\u00e9niques, elles sont sp\u00e9cialement s\u00e9lectionn\u00e9es pour les professionnels de la massoth\u00e9rapie et autres th\u00e9rapies corporelles.<\/div>\n","protected":false},"featured_media":259,"template":"","meta":{"_acf_changed":false},"product_brand":[66],"product_cat":[29],"product_tag":[96],"class_list":{"0":"post-252","1":"product","2":"type-product","3":"status-publish","4":"has-post-thumbnail","6":"product_brand-lherbier","7":"product_cat-huiles","8":"product_tag-huile","9":"pa_format-250ml","10":"pa_format-1l","11":"pa_format-4l","12":"pa_format-20-l","13":"pa_format-15ml","15":"first","16":"instock","17":"taxable","18":"shipping-taxable","19":"purchasable","20":"product-type-variable","21":"has-default-attributes"},"acf":[],"_links":{"self":[{"href":"https:\/\/solutionmassage.com\/boutique\/wp-json\/wp\/v2\/product\/252","targetHints":{"allow":["GET"]}}],"collection":[{"href":"https:\/\/solutionmassage.com\/boutique\/wp-json\/wp\/v2\/product"}],"about":[{"href":"https:\/\/solutionmassage.com\/boutique\/wp-json\/wp\/v2\/types\/product"}],"wp:featuredmedia":[{"embeddable":true,"href":"https:\/\/solutionmassage.com\/boutique\/wp-json\/wp\/v2\/media\/259"}],"wp:attachment":[{"href":"https:\/\/solutionmassage.com\/boutique\/wp-json\/wp\/v2\/media?parent=252"}],"wp:term":[{"taxonomy":"product_brand","embeddable":true,"href":"https:\/\/solutionmassage.com\/boutique\/wp-json\/wp\/v2\/product_brand?post=252"},{"taxonomy":"product_cat","embeddable":true,"href":"https:\/\/solutionmassage.com\/boutique\/wp-json\/wp\/v2\/product_cat?post=252"},{"taxonomy":"product_tag","embeddable":true,"href":"https:\/\/solutionmassage.com\/boutique\/wp-json\/wp\/v2\/product_tag?post=252"}],"curies":[{"name":"wp","href":"https:\/\/api.w.org\/{rel}","templated":true}]}}