{"id":242,"date":"2025-07-09T14:23:33","date_gmt":"2025-07-09T14:23:33","guid":{"rendered":"https:\/\/solutionmassage.com\/boutique\/?post_type=product&#038;p=242"},"modified":"2026-04-10T14:22:56","modified_gmt":"2026-04-10T14:22:56","slug":"huile-massage-lavandine","status":"publish","type":"product","link":"https:\/\/solutionmassage.com\/boutique\/produit\/huile-massage-lavandine\/","title":{"rendered":"Huile de massage Lavandine"},"content":{"rendered":"<h3>BIOHUILE<\/h3>\n<p>Huile de Massage Lavandine<\/p>\n<p>Une gamme d\u2019huiles fines, s\u00e8ches, biov\u00e9g\u00e9tales et de grande qualit\u00e9. Inodores, douces, fluides, hypoallerg\u00e9niques, elles sont sp\u00e9cialement s\u00e9lectionn\u00e9es pour les professionnels de la massoth\u00e9rapie et autres th\u00e9rapies corporelles.<\/p>\n<h3>Qualit\u00e9s<\/h3>\n<p>\u2013 Excellent vecteur de p\u00e9n\u00e9tration<\/p>\n<p>\u2013 Toucher sec : laisse la peau douce sans sensation de film gras<\/p>\n<p>\u2013 Huiles s\u00e8ches et pr\u00e9cieuses<\/p>\n<p>\u2013 Compos\u00e9e d\u2019huiles essentielles pures \u00e0 100 %<\/p>\n<h3>Tr\u00e8s appr\u00e9ci\u00e9 pour les besoins suivants<\/h3>\n<p>\u2013 Pour un massage de d\u00e9tente<\/p>\n<p>\u2013 Hydratante pour l\u2019\u00e9piderme et laisse un l\u00e9ger parfum de la Provence<\/p>\n","protected":false},"excerpt":{"rendered":"<div class=\"woocommerce-product-details__short-description\">Une gamme d\u2019huiles fines, s\u00e8ches, biov\u00e9g\u00e9tales et de grande qualit\u00e9. Inodores, douces, fluides, hypoallerg\u00e9niques, elles sont sp\u00e9cialement s\u00e9lectionn\u00e9es pour les professionnels de la massoth\u00e9rapie et autres th\u00e9rapies corporelles.<\/div>\n","protected":false},"featured_media":247,"template":"","meta":{"_acf_changed":false},"product_brand":[66],"product_cat":[29],"product_tag":[96],"class_list":{"0":"post-242","1":"product","2":"type-product","3":"status-publish","4":"has-post-thumbnail","6":"product_brand-lherbier","7":"product_cat-huiles","8":"product_tag-huile","9":"pa_format-250ml","10":"pa_format-1l","11":"pa_format-15ml","13":"first","14":"instock","15":"taxable","16":"shipping-taxable","17":"purchasable","18":"product-type-variable","19":"has-default-attributes"},"acf":[],"_links":{"self":[{"href":"https:\/\/solutionmassage.com\/boutique\/wp-json\/wp\/v2\/product\/242","targetHints":{"allow":["GET"]}}],"collection":[{"href":"https:\/\/solutionmassage.com\/boutique\/wp-json\/wp\/v2\/product"}],"about":[{"href":"https:\/\/solutionmassage.com\/boutique\/wp-json\/wp\/v2\/types\/product"}],"wp:featuredmedia":[{"embeddable":true,"href":"https:\/\/solutionmassage.com\/boutique\/wp-json\/wp\/v2\/media\/247"}],"wp:attachment":[{"href":"https:\/\/solutionmassage.com\/boutique\/wp-json\/wp\/v2\/media?parent=242"}],"wp:term":[{"taxonomy":"product_brand","embeddable":true,"href":"https:\/\/solutionmassage.com\/boutique\/wp-json\/wp\/v2\/product_brand?post=242"},{"taxonomy":"product_cat","embeddable":true,"href":"https:\/\/solutionmassage.com\/boutique\/wp-json\/wp\/v2\/product_cat?post=242"},{"taxonomy":"product_tag","embeddable":true,"href":"https:\/\/solutionmassage.com\/boutique\/wp-json\/wp\/v2\/product_tag?post=242"}],"curies":[{"name":"wp","href":"https:\/\/api.w.org\/{rel}","templated":true}]}}