{"id":131,"date":"2025-06-12T17:50:59","date_gmt":"2025-06-12T17:50:59","guid":{"rendered":"https:\/\/solutionmassage.com\/boutique\/?post_type=product&#038;p=131"},"modified":"2026-04-10T14:15:57","modified_gmt":"2026-04-10T14:15:57","slug":"baume-corporel-massage-karite-100","status":"publish","type":"product","link":"https:\/\/solutionmassage.com\/boutique\/produit\/baume-corporel-massage-karite-100\/","title":{"rendered":"Baume Corporel et Massage \u2013 Karit\u00e9 100%"},"content":{"rendered":"<h3>BAUME CORPOREL ET MASSAGE KARIT\u00c9<\/h3>\n<p>Le beurre de karit\u00e9 biologique est tr\u00e8s appr\u00e9ci\u00e9 pour\u00a0<strong>l\u2019ensemble du corps\u00a0<\/strong>: peau et main s\u00e8ches, cheveux et ongles cassants, l\u00e8vres gerc\u00e9es, peau qui craque, etc.<\/p>\n<p>Il est tr\u00e8s appr\u00e9ci\u00e9 par<strong>\u00a0les professionnels<\/strong>\u00a0<strong>du massage et de la fasciath\u00e9rapie<\/strong>\u00a0: \u00a0il offre une saine hydratation et une surface de glisse qui permet de travailler la musculature profonde.<\/p>\n<h3>Qualit\u00e9s<\/h3>\n<p>\u2013 Hydratation et souplesse de la peau<\/p>\n<p>\u2013 Texture onctueuse et soyeuse<\/p>\n<p>\u2013 Devient une huile avec la chaleur des mains et du corps<\/p>\n<h3>Ingr\u00e9dients<\/h3>\n<p>\u2013 R\u00e9g\u00e9n\u00e9ration et apaisement<\/p>\n<p>\u2013 Hydratation profonde et source de vitamine A, D, E, K<\/p>\n<p>\u2013 100 % naturel et biologique<\/p>\n<h3>Tr\u00e8s appr\u00e9ci\u00e9 pour les besoins suivants<\/h3>\n<p>\u2013 Pour un massage profond et hydratant (fasciath\u00e9rapie et muscle profond)<\/p>\n<p>\u2013 Peau s\u00e8che<\/p>\n<p>\u2013 Cheveux sec (id\u00e9al comme p\u00e2te coiffante) et ongles cassants<\/p>\n<p>\u2013 L\u00e8vres gerc\u00e9es<\/p>\n<p>\u2013 Contour des yeux et de la bouche<\/p>\n<p>\u2013 Hydratation profonde des coussinets de votre animal de compagnie<\/p>\n","protected":false},"excerpt":{"rendered":"<div class=\"woocommerce-product-details__short-description\">Le beurre de karit\u00e9 biologique est tr\u00e8s appr\u00e9ci\u00e9 pour l\u2019ensemble du corps et\u00a0par les professionnels du massage et de la fasciath\u00e9rapie.<\/div>\n","protected":false},"featured_media":132,"template":"","meta":{"_acf_changed":false},"product_brand":[66],"product_cat":[24],"product_tag":[81],"class_list":{"0":"post-131","1":"product","2":"type-product","3":"status-publish","4":"has-post-thumbnail","6":"product_brand-lherbier","7":"product_cat-baumes","8":"product_tag-baumes","9":"pa_format-100-g","10":"pa_format-400-g","12":"first","13":"instock","14":"taxable","15":"shipping-taxable","16":"purchasable","17":"product-type-variable"},"acf":[],"_links":{"self":[{"href":"https:\/\/solutionmassage.com\/boutique\/wp-json\/wp\/v2\/product\/131","targetHints":{"allow":["GET"]}}],"collection":[{"href":"https:\/\/solutionmassage.com\/boutique\/wp-json\/wp\/v2\/product"}],"about":[{"href":"https:\/\/solutionmassage.com\/boutique\/wp-json\/wp\/v2\/types\/product"}],"wp:featuredmedia":[{"embeddable":true,"href":"https:\/\/solutionmassage.com\/boutique\/wp-json\/wp\/v2\/media\/132"}],"wp:attachment":[{"href":"https:\/\/solutionmassage.com\/boutique\/wp-json\/wp\/v2\/media?parent=131"}],"wp:term":[{"taxonomy":"product_brand","embeddable":true,"href":"https:\/\/solutionmassage.com\/boutique\/wp-json\/wp\/v2\/product_brand?post=131"},{"taxonomy":"product_cat","embeddable":true,"href":"https:\/\/solutionmassage.com\/boutique\/wp-json\/wp\/v2\/product_cat?post=131"},{"taxonomy":"product_tag","embeddable":true,"href":"https:\/\/solutionmassage.com\/boutique\/wp-json\/wp\/v2\/product_tag?post=131"}],"curies":[{"name":"wp","href":"https:\/\/api.w.org\/{rel}","templated":true}]}}