{"id":128,"date":"2025-06-12T17:47:23","date_gmt":"2025-06-12T17:47:23","guid":{"rendered":"https:\/\/solutionmassage.com\/boutique\/?post_type=product&#038;p=128"},"modified":"2026-04-10T14:28:48","modified_gmt":"2026-04-10T14:28:48","slug":"creme-masso-pieds","status":"publish","type":"product","link":"https:\/\/solutionmassage.com\/boutique\/produit\/creme-masso-pieds\/","title":{"rendered":"La Cr\u00e8me \u2013 Masso Pieds"},"content":{"rendered":"<h3>LA CR\u00c8ME<\/h3>\n<p>Masso Pieds<\/p>\n<p>Combin\u00e9e au massage, cette cr\u00e8me vous offre le meilleur des plantes, une belle harmonie d\u2019ingr\u00e9dients frais, dont la menthe, le romarin et le gingembre pour la beaut\u00e9 et la sant\u00e9 de vos pieds!<\/p>\n<h3>Qualit\u00e9s<\/h3>\n<p>\u2013 Remplace avantageusement l\u2019huile pour le massage de vos pieds<\/p>\n<p>\u2013 Beaucoup plus d\u2019adh\u00e9rence lors du massage facilitant le traitement<\/p>\n<p>\u2013 Contient des huiles essentielles rafra\u00eechissantes et bienfaisantes<\/p>\n<p>\u2013 Fra\u00eeche et naturelle pour la sant\u00e9 de vos pieds<\/p>\n<p>\u2013 Contient du miel, du beurre de karit\u00e9 et de la vitamine E<\/p>\n<h3>Tr\u00e8s appr\u00e9ci\u00e9 pour les besoins suivants<\/h3>\n<p>\u2013 Massage des pieds<\/p>\n<p>\u2013 Comme compl\u00e9ment aux soins des pieds<\/p>\n<p>\u2013 Id\u00e9ale comme cr\u00e8me hydratante pour les pieds secs<\/p>\n<p>\u2013 Tr\u00e8s utile pour les th\u00e9rapeutes pratiquant la r\u00e9flexologie<\/p>\n","protected":false},"excerpt":{"rendered":"<div class=\"woocommerce-product-details__short-description\">Combin\u00e9e au massage, cette cr\u00e8me vous offre le meilleur des plantes, une belle harmonie d\u2019ingr\u00e9dients frais, dont la menthe, le romarin et le gingembre pour la beaut\u00e9 et la sant\u00e9 de vos pieds!<\/div>\n","protected":false},"featured_media":129,"template":"","meta":{"_acf_changed":false},"product_brand":[66],"product_cat":[27],"product_tag":[80],"class_list":{"0":"post-128","1":"product","2":"type-product","3":"status-publish","4":"has-post-thumbnail","6":"product_brand-lherbier","7":"product_cat-lotion-de-corps","8":"product_tag-creme-2","9":"pa_format-100ml","10":"pa_format-240-ml","11":"pa_format-1l","12":"pa_format-15ml","14":"first","15":"instock","16":"taxable","17":"shipping-taxable","18":"purchasable","19":"product-type-variable","20":"has-default-attributes"},"acf":[],"_links":{"self":[{"href":"https:\/\/solutionmassage.com\/boutique\/wp-json\/wp\/v2\/product\/128","targetHints":{"allow":["GET"]}}],"collection":[{"href":"https:\/\/solutionmassage.com\/boutique\/wp-json\/wp\/v2\/product"}],"about":[{"href":"https:\/\/solutionmassage.com\/boutique\/wp-json\/wp\/v2\/types\/product"}],"wp:featuredmedia":[{"embeddable":true,"href":"https:\/\/solutionmassage.com\/boutique\/wp-json\/wp\/v2\/media\/129"}],"wp:attachment":[{"href":"https:\/\/solutionmassage.com\/boutique\/wp-json\/wp\/v2\/media?parent=128"}],"wp:term":[{"taxonomy":"product_brand","embeddable":true,"href":"https:\/\/solutionmassage.com\/boutique\/wp-json\/wp\/v2\/product_brand?post=128"},{"taxonomy":"product_cat","embeddable":true,"href":"https:\/\/solutionmassage.com\/boutique\/wp-json\/wp\/v2\/product_cat?post=128"},{"taxonomy":"product_tag","embeddable":true,"href":"https:\/\/solutionmassage.com\/boutique\/wp-json\/wp\/v2\/product_tag?post=128"}],"curies":[{"name":"wp","href":"https:\/\/api.w.org\/{rel}","templated":true}]}}